{"id":375,"date":"2020-05-02T13:58:27","date_gmt":"2020-05-02T11:58:27","guid":{"rendered":"http:\/\/delbeckvignobles.com\/?page_id=375"},"modified":"2025-09-23T15:48:42","modified_gmt":"2025-09-23T13:48:42","slug":"chateau-ame-de-musset","status":"publish","type":"page","link":"http:\/\/delbeckvignobles.com\/index.php\/chateau-ame-de-musset\/","title":{"rendered":"Ch\u00e2teau \u00c2me de Musset"},"content":{"rendered":"\t\t<div data-elementor-type=\"wp-page\" data-elementor-id=\"375\" class=\"elementor elementor-375\">\n\t\t\t\t\t\t<section class=\"elementor-section elementor-top-section elementor-element elementor-element-55127814 elementor-section-content-middle elementor-section-boxed elementor-section-height-default elementor-section-height-default\" data-id=\"55127814\" data-element_type=\"section\">\n\t\t\t\t\t\t<div class=\"elementor-container elementor-column-gap-no\">\n\t\t\t\t\t<div class=\"elementor-column elementor-col-33 elementor-top-column elementor-element elementor-element-2ad3d8eb\" data-id=\"2ad3d8eb\" data-element_type=\"column\">\n\t\t\t<div class=\"elementor-widget-wrap elementor-element-populated\">\n\t\t\t\t\t\t<div class=\"elementor-element elementor-element-03c71e2 elementor-widget elementor-widget-heading\" data-id=\"03c71e2\" data-element_type=\"widget\" data-widget_type=\"heading.default\">\n\t\t\t\t<div class=\"elementor-widget-container\">\n\t\t\t\t\t<h2 class=\"elementor-heading-title elementor-size-default\">Ch\u00e2teau<\/h2>\t\t\t\t<\/div>\n\t\t\t\t<\/div>\n\t\t\t\t<div class=\"elementor-element elementor-element-50b1f0c elementor-widget elementor-widget-heading\" data-id=\"50b1f0c\" data-element_type=\"widget\" data-widget_type=\"heading.default\">\n\t\t\t\t<div class=\"elementor-widget-container\">\n\t\t\t\t\t<h2 class=\"elementor-heading-title elementor-size-default\">\u00c2me de Musset<\/h2>\t\t\t\t<\/div>\n\t\t\t\t<\/div>\n\t\t\t\t<div class=\"elementor-element elementor-element-c272d3d elementor-widget elementor-widget-heading\" data-id=\"c272d3d\" data-element_type=\"widget\" data-widget_type=\"heading.default\">\n\t\t\t\t<div class=\"elementor-widget-container\">\n\t\t\t\t\t<h2 class=\"elementor-heading-title elementor-size-default\">Lalande-de-Pomerol<\/h2>\t\t\t\t<\/div>\n\t\t\t\t<\/div>\n\t\t\t\t<div class=\"elementor-element elementor-element-8e7fd82 elementor-widget elementor-widget-image\" data-id=\"8e7fd82\" data-element_type=\"widget\" data-widget_type=\"image.default\">\n\t\t\t\t<div class=\"elementor-widget-container\">\n\t\t\t\t\t\t\t\t\t\t\t\t\t\t\t<img fetchpriority=\"high\" decoding=\"async\" width=\"759\" height=\"2000\" src=\"https:\/\/delbeckvignobles.com\/wp-content\/uploads\/2025\/09\/ADM15-blle.png\" class=\"attachment-full size-full wp-image-792\" alt=\"\" srcset=\"https:\/\/delbeckvignobles.com\/wp-content\/uploads\/2025\/09\/ADM15-blle.png 759w, https:\/\/delbeckvignobles.com\/wp-content\/uploads\/2025\/09\/ADM15-blle-600x1581.png 600w\" sizes=\"(max-width: 759px) 100vw, 759px\" \/>\t\t\t\t\t\t\t\t\t\t\t\t\t\t\t<\/div>\n\t\t\t\t<\/div>\n\t\t\t\t<div class=\"elementor-element elementor-element-5d55caf elementor-drop-cap-yes elementor-drop-cap-view-default elementor-widget elementor-widget-text-editor\" data-id=\"5d55caf\" data-element_type=\"widget\" data-settings=\"{&quot;drop_cap&quot;:&quot;yes&quot;}\" data-widget_type=\"text-editor.default\">\n\t\t\t\t<div class=\"elementor-widget-container\">\n\t\t\t\t\t\t\t\t\t<p>Ce vignoble est situ\u00e9 sur la commune de Lalande de Pomerol, au coeur de l&rsquo;appellation Lalande de Pomerol (D\u00e9cret de 1925) ; cette zone viticole remonte \u00e0<br \/>l&rsquo;\u00e9poque des Chevaliers de l&rsquo;ordre de Malte et des chevaliers de Saint-Jean de J\u00e9rusalem qui cr\u00e9\u00e8rent refuge et hospice sur ce chemin de Saint-Jacques de Compostelle.<br \/>Nous essayons d&rsquo;exprimer l&rsquo;\u00e2me de ce terroir nomm\u00e9 \u00ab\u00a0Musset\u00a0\u00bb en vinifiant pr\u00e8s de l&rsquo;expression de ce lieu et de ce sol graveleux.<\/p>\t\t\t\t\t\t\t\t<\/div>\n\t\t\t\t<\/div>\n\t\t\t\t<div class=\"elementor-element elementor-element-feaf846 elementor-widget elementor-widget-image\" data-id=\"feaf846\" data-element_type=\"widget\" data-widget_type=\"image.default\">\n\t\t\t\t<div class=\"elementor-widget-container\">\n\t\t\t\t\t\t\t\t\t\t\t\t\t\t\t<img decoding=\"async\" width=\"1024\" height=\"317\" src=\"https:\/\/delbeckvignobles.com\/wp-content\/uploads\/2020\/04\/carte-appellations-vierge7LDP_2000-1024x317.png\" class=\"attachment-large size-large wp-image-267\" alt=\"\" srcset=\"https:\/\/delbeckvignobles.com\/wp-content\/uploads\/2020\/04\/carte-appellations-vierge7LDP_2000-1024x317.png 1024w, https:\/\/delbeckvignobles.com\/wp-content\/uploads\/2020\/04\/carte-appellations-vierge7LDP_2000-600x186.png 600w, https:\/\/delbeckvignobles.com\/wp-content\/uploads\/2020\/04\/carte-appellations-vierge7LDP_2000-300x93.png 300w, https:\/\/delbeckvignobles.com\/wp-content\/uploads\/2020\/04\/carte-appellations-vierge7LDP_2000-768x238.png 768w, https:\/\/delbeckvignobles.com\/wp-content\/uploads\/2020\/04\/carte-appellations-vierge7LDP_2000-1536x475.png 1536w, https:\/\/delbeckvignobles.com\/wp-content\/uploads\/2020\/04\/carte-appellations-vierge7LDP_2000.png 2000w\" sizes=\"(max-width: 1024px) 100vw, 1024px\" \/>\t\t\t\t\t\t\t\t\t\t\t\t\t\t\t<\/div>\n\t\t\t\t<\/div>\n\t\t\t\t\t<\/div>\n\t\t<\/div>\n\t\t\t\t<div class=\"elementor-column elementor-col-33 elementor-top-column elementor-element elementor-element-7310b7f2\" data-id=\"7310b7f2\" data-element_type=\"column\">\n\t\t\t<div class=\"elementor-widget-wrap elementor-element-populated\">\n\t\t\t\t\t\t<div class=\"elementor-element elementor-element-7d782ad4 elementor-widget elementor-widget-image\" data-id=\"7d782ad4\" data-element_type=\"widget\" data-widget_type=\"image.default\">\n\t\t\t\t<div class=\"elementor-widget-container\">\n\t\t\t\t\t\t\t\t\t\t\t\t\t\t\t<img decoding=\"async\" width=\"542\" height=\"1000\" src=\"https:\/\/delbeckvignobles.com\/wp-content\/uploads\/2020\/05\/verre-LDP-terroir_1000.jpg\" class=\"attachment-large size-large wp-image-385\" alt=\"\" srcset=\"https:\/\/delbeckvignobles.com\/wp-content\/uploads\/2020\/05\/verre-LDP-terroir_1000.jpg 542w, https:\/\/delbeckvignobles.com\/wp-content\/uploads\/2020\/05\/verre-LDP-terroir_1000-163x300.jpg 163w\" sizes=\"(max-width: 542px) 100vw, 542px\" \/>\t\t\t\t\t\t\t\t\t\t\t\t\t\t\t<\/div>\n\t\t\t\t<\/div>\n\t\t\t\t<div class=\"elementor-element elementor-element-df30d74 elementor-drop-cap-yes elementor-drop-cap-view-default elementor-widget elementor-widget-text-editor\" data-id=\"df30d74\" data-element_type=\"widget\" data-settings=\"{&quot;drop_cap&quot;:&quot;yes&quot;}\" data-widget_type=\"text-editor.default\">\n\t\t\t\t<div class=\"elementor-widget-container\">\n\t\t\t\t\t\t\t\t\t<p>R<strong>enseignements techniques<\/strong> :<\/p><p><em>Age moyen des vignes<\/em> : &gt;25 ans.<\/p><p><em>Superficie<\/em> : 5 Hectares\u00a0<\/p><p><em>Terroir<\/em> : Croupe de graves bien drain\u00e9es sur fonds d&rsquo;argile r\u00e9sistant \u00e0 la s\u00e9cheresse avecpr\u00e9sence de crasses de fer.<\/p><p><em>C\u00e9pages<\/em> : 80% Merlot, 10% Cabernet Franc, 10% Cabernet Sauvignon.<\/p><p>6 000 pieds \u00e0 l&rsquo;hectare greff\u00e9s sur 3309 porte-greffe. Culture naturelle et traitements tr\u00e8s respectueux des \u00e9quilibres; biodiversit\u00e9 et soins attentifs port\u00e9s au drainage. Production confidentielle.<\/p>\t\t\t\t\t\t\t\t<\/div>\n\t\t\t\t<\/div>\n\t\t\t\t\t<\/div>\n\t\t<\/div>\n\t\t\t\t<div class=\"elementor-column elementor-col-33 elementor-top-column elementor-element elementor-element-3fb5d62c\" data-id=\"3fb5d62c\" data-element_type=\"column\">\n\t\t\t<div class=\"elementor-widget-wrap elementor-element-populated\">\n\t\t\t\t\t\t<div class=\"elementor-element elementor-element-5c50596 elementor-drop-cap-yes elementor-drop-cap-view-default elementor-widget elementor-widget-text-editor\" data-id=\"5c50596\" data-element_type=\"widget\" data-settings=\"{&quot;drop_cap&quot;:&quot;yes&quot;}\" data-widget_type=\"text-editor.default\">\n\t\t\t\t<div class=\"elementor-widget-container\">\n\t\t\t\t\t\t\t\t\t<p>V<strong>inification<\/strong> :<\/p><p>Ramassage \u00e0 maturit\u00e9 physiologique, par d\u00e9gustation des baies. <br \/>Un chai innovant \u00e0 gravit\u00e9 et pigeage par h\u00e9licopigeur.<br \/>Tr\u00e8s grand respect de la mati\u00e8re premi\u00e8re pendant la vinification parcellaire en cuves de petit volume.<br \/>Elevage en barrique de 15 mois (dont 40% en barrique neuve de 300l, 40% en<br \/>barrique d\u2019un vin et 20% en cuve).<br \/>Mise en bouteille au Ch\u00e2teau.<\/p>\t\t\t\t\t\t\t\t<\/div>\n\t\t\t\t<\/div>\n\t\t\t\t<div class=\"elementor-element elementor-element-5f7b4fd6 elementor-widget elementor-widget-image\" data-id=\"5f7b4fd6\" data-element_type=\"widget\" data-widget_type=\"image.default\">\n\t\t\t\t<div class=\"elementor-widget-container\">\n\t\t\t\t\t\t\t\t\t\t\t\t\t\t\t<img loading=\"lazy\" decoding=\"async\" width=\"1000\" height=\"673\" src=\"https:\/\/delbeckvignobles.com\/wp-content\/uploads\/2020\/05\/HelicopigeurNB_1000.jpg\" class=\"attachment-large size-large wp-image-391\" alt=\"\" srcset=\"https:\/\/delbeckvignobles.com\/wp-content\/uploads\/2020\/05\/HelicopigeurNB_1000.jpg 1000w, https:\/\/delbeckvignobles.com\/wp-content\/uploads\/2020\/05\/HelicopigeurNB_1000-600x404.jpg 600w, https:\/\/delbeckvignobles.com\/wp-content\/uploads\/2020\/05\/HelicopigeurNB_1000-300x202.jpg 300w, https:\/\/delbeckvignobles.com\/wp-content\/uploads\/2020\/05\/HelicopigeurNB_1000-768x517.jpg 768w\" sizes=\"(max-width: 1000px) 100vw, 1000px\" \/>\t\t\t\t\t\t\t\t\t\t\t\t\t\t\t<\/div>\n\t\t\t\t<\/div>\n\t\t\t\t<div class=\"elementor-element elementor-element-ca5500f elementor-drop-cap-yes elementor-drop-cap-view-default elementor-widget elementor-widget-text-editor\" data-id=\"ca5500f\" data-element_type=\"widget\" data-settings=\"{&quot;drop_cap&quot;:&quot;yes&quot;}\" data-widget_type=\"text-editor.default\">\n\t\t\t\t<div class=\"elementor-widget-container\">\n\t\t\t\t\t\t\t\t\t<p>D<strong>\u00e9gustation<\/strong> :<\/p><p>Vin puissant, gras ; tr\u00e8s belle robe, riche, apporte un plaisir rapide tout en permettant un bel avenir.<br \/>Peut s\u2019associer \u00e0 tous les moments de la table.<\/p>\t\t\t\t\t\t\t\t<\/div>\n\t\t\t\t<\/div>\n\t\t\t\t<div class=\"elementor-element elementor-element-0247c8b elementor-widget elementor-widget-image\" data-id=\"0247c8b\" data-element_type=\"widget\" data-widget_type=\"image.default\">\n\t\t\t\t<div class=\"elementor-widget-container\">\n\t\t\t\t\t\t\t\t\t\t\t\t\t\t\t<img loading=\"lazy\" decoding=\"async\" width=\"450\" height=\"149\" src=\"https:\/\/delbeckvignobles.com\/wp-content\/uploads\/2020\/04\/AOC-LDP4-1.jpg\" class=\"elementor-animation-grow attachment-large size-large wp-image-316\" alt=\"\" srcset=\"https:\/\/delbeckvignobles.com\/wp-content\/uploads\/2020\/04\/AOC-LDP4-1.jpg 450w, https:\/\/delbeckvignobles.com\/wp-content\/uploads\/2020\/04\/elementor\/thumbs\/AOC-LDP4-1-oop2y7mugmd8onqa2thie65d0thltkqr9mdfxo8r1k.jpg 300w\" sizes=\"(max-width: 450px) 100vw, 450px\" \/>\t\t\t\t\t\t\t\t\t\t\t\t\t\t\t<\/div>\n\t\t\t\t<\/div>\n\t\t\t\t<div class=\"elementor-element elementor-element-bfa5e7c elementor-align-left animated-slow elementor-invisible elementor-widget elementor-widget-button\" data-id=\"bfa5e7c\" data-element_type=\"widget\" data-settings=\"{&quot;_animation&quot;:&quot;fadeIn&quot;}\" data-widget_type=\"button.default\">\n\t\t\t\t<div class=\"elementor-widget-container\">\n\t\t\t\t\t\t\t\t\t<div class=\"elementor-button-wrapper\">\n\t\t\t\t\t<a class=\"elementor-button elementor-button-link elementor-size-lg elementor-animation-grow\" href=\"http:\/\/www.delbeckboutique.com\/2-lalande-de-pomerol\" target=\"_blank\">\n\t\t\t\t\t\t<span class=\"elementor-button-content-wrapper\">\n\t\t\t\t\t\t<span class=\"elementor-button-icon\">\n\t\t\t\t<i aria-hidden=\"true\" class=\"fas fa-cart-plus\"><\/i>\t\t\t<\/span>\n\t\t\t\t\t\t\t\t\t<span class=\"elementor-button-text\">Acheter ce vin sur notre boutique en ligne<\/span>\n\t\t\t\t\t<\/span>\n\t\t\t\t\t<\/a>\n\t\t\t\t<\/div>\n\t\t\t\t\t\t\t\t<\/div>\n\t\t\t\t<\/div>\n\t\t\t\t\t<\/div>\n\t\t<\/div>\n\t\t\t\t\t<\/div>\n\t\t<\/section>\n\t\t\t\t<\/div>\n\t\t","protected":false},"excerpt":{"rendered":"<p>Ch\u00e2teau \u00c2me de Musset Lalande-de-Pomerol Ce vignoble est situ\u00e9 sur la commune de Lalande de Pomerol, au coeur de l&rsquo;appellation Lalande de Pomerol (D\u00e9cret de 1925) ; cette zone viticole remonte \u00e0l&rsquo;\u00e9poque des Chevaliers de l&rsquo;ordre de Malte et des chevaliers de Saint-Jean de J\u00e9rusalem qui cr\u00e9\u00e8rent refuge et hospice sur ce chemin de Saint-Jacques [&hellip;]<\/p>\n","protected":false},"author":1,"featured_media":0,"parent":0,"menu_order":0,"comment_status":"closed","ping_status":"closed","template":"","meta":{"site-sidebar-layout":"no-sidebar","site-content-layout":"page-builder","ast-site-content-layout":"default","site-content-style":"default","site-sidebar-style":"default","ast-global-header-display":"","ast-banner-title-visibility":"","ast-main-header-display":"","ast-hfb-above-header-display":"","ast-hfb-below-header-display":"","ast-hfb-mobile-header-display":"","site-post-title":"disabled","ast-breadcrumbs-content":"","ast-featured-img":"disabled","footer-sml-layout":"","theme-transparent-header-meta":"default","adv-header-id-meta":"","stick-header-meta":"","header-above-stick-meta":"","header-main-stick-meta":"","header-below-stick-meta":"","astra-migrate-meta-layouts":"default","ast-page-background-enabled":"default","ast-page-background-meta":{"desktop":{"background-color":"var(--ast-global-color-4)","background-image":"","background-repeat":"repeat","background-position":"center center","background-size":"auto","background-attachment":"scroll","background-type":"","background-media":"","overlay-type":"","overlay-color":"","overlay-opacity":"","overlay-gradient":""},"tablet":{"background-color":"","background-image":"","background-repeat":"repeat","background-position":"center center","background-size":"auto","background-attachment":"scroll","background-type":"","background-media":"","overlay-type":"","overlay-color":"","overlay-opacity":"","overlay-gradient":""},"mobile":{"background-color":"","background-image":"","background-repeat":"repeat","background-position":"center center","background-size":"auto","background-attachment":"scroll","background-type":"","background-media":"","overlay-type":"","overlay-color":"","overlay-opacity":"","overlay-gradient":""}},"ast-content-background-meta":{"desktop":{"background-color":"var(--ast-global-color-5)","background-image":"","background-repeat":"repeat","background-position":"center center","background-size":"auto","background-attachment":"scroll","background-type":"","background-media":"","overlay-type":"","overlay-color":"","overlay-opacity":"","overlay-gradient":""},"tablet":{"background-color":"var(--ast-global-color-5)","background-image":"","background-repeat":"repeat","background-position":"center center","background-size":"auto","background-attachment":"scroll","background-type":"","background-media":"","overlay-type":"","overlay-color":"","overlay-opacity":"","overlay-gradient":""},"mobile":{"background-color":"var(--ast-global-color-5)","background-image":"","background-repeat":"repeat","background-position":"center center","background-size":"auto","background-attachment":"scroll","background-type":"","background-media":"","overlay-type":"","overlay-color":"","overlay-opacity":"","overlay-gradient":""}},"footnotes":""},"class_list":["post-375","page","type-page","status-publish","hentry"],"yoast_head":"<!-- This site is optimized with the Yoast SEO plugin v26.1.1 - https:\/\/yoast.com\/wordpress\/plugins\/seo\/ -->\n<title>Ch\u00e2teau \u00c2me de Musset - Vignobles Delbeck<\/title>\n<meta name=\"robots\" content=\"index, follow, max-snippet:-1, max-image-preview:large, max-video-preview:-1\" \/>\n<link rel=\"canonical\" href=\"http:\/\/delbeckvignobles.com\/index.php\/chateau-ame-de-musset\/\" \/>\n<meta property=\"og:locale\" content=\"fr_FR\" \/>\n<meta property=\"og:type\" content=\"article\" \/>\n<meta property=\"og:title\" content=\"Ch\u00e2teau \u00c2me de Musset - Vignobles Delbeck\" \/>\n<meta property=\"og:description\" content=\"Ch\u00e2teau \u00c2me de Musset Lalande-de-Pomerol Ce vignoble est situ\u00e9 sur la commune de Lalande de Pomerol, au coeur de l&rsquo;appellation Lalande de Pomerol (D\u00e9cret de 1925) ; cette zone viticole remonte \u00e0l&rsquo;\u00e9poque des Chevaliers de l&rsquo;ordre de Malte et des chevaliers de Saint-Jean de J\u00e9rusalem qui cr\u00e9\u00e8rent refuge et hospice sur ce chemin de Saint-Jacques [&hellip;]\" \/>\n<meta property=\"og:url\" content=\"http:\/\/delbeckvignobles.com\/index.php\/chateau-ame-de-musset\/\" \/>\n<meta property=\"og:site_name\" content=\"Vignobles Delbeck\" \/>\n<meta property=\"article:modified_time\" content=\"2025-09-23T13:48:42+00:00\" \/>\n<meta property=\"og:image\" content=\"http:\/\/delbeckvignobles.com\/wp-content\/uploads\/2025\/09\/ADM15-blle.png\" \/>\n<meta name=\"twitter:card\" content=\"summary_large_image\" \/>\n<meta name=\"twitter:label1\" content=\"Dur\u00e9e de lecture estim\u00e9e\" \/>\n\t<meta name=\"twitter:data1\" content=\"3 minutes\" \/>\n<script type=\"application\/ld+json\" class=\"yoast-schema-graph\">{\"@context\":\"https:\/\/schema.org\",\"@graph\":[{\"@type\":\"WebPage\",\"@id\":\"http:\/\/delbeckvignobles.com\/index.php\/chateau-ame-de-musset\/\",\"url\":\"http:\/\/delbeckvignobles.com\/index.php\/chateau-ame-de-musset\/\",\"name\":\"Ch\u00e2teau \u00c2me de Musset - Vignobles Delbeck\",\"isPartOf\":{\"@id\":\"http:\/\/delbeckvignobles.com\/#website\"},\"primaryImageOfPage\":{\"@id\":\"http:\/\/delbeckvignobles.com\/index.php\/chateau-ame-de-musset\/#primaryimage\"},\"image\":{\"@id\":\"http:\/\/delbeckvignobles.com\/index.php\/chateau-ame-de-musset\/#primaryimage\"},\"thumbnailUrl\":\"http:\/\/delbeckvignobles.com\/wp-content\/uploads\/2025\/09\/ADM15-blle.png\",\"datePublished\":\"2020-05-02T11:58:27+00:00\",\"dateModified\":\"2025-09-23T13:48:42+00:00\",\"breadcrumb\":{\"@id\":\"http:\/\/delbeckvignobles.com\/index.php\/chateau-ame-de-musset\/#breadcrumb\"},\"inLanguage\":\"fr-FR\",\"potentialAction\":[{\"@type\":\"ReadAction\",\"target\":[\"http:\/\/delbeckvignobles.com\/index.php\/chateau-ame-de-musset\/\"]}]},{\"@type\":\"ImageObject\",\"inLanguage\":\"fr-FR\",\"@id\":\"http:\/\/delbeckvignobles.com\/index.php\/chateau-ame-de-musset\/#primaryimage\",\"url\":\"http:\/\/delbeckvignobles.com\/wp-content\/uploads\/2025\/09\/ADM15-blle.png\",\"contentUrl\":\"http:\/\/delbeckvignobles.com\/wp-content\/uploads\/2025\/09\/ADM15-blle.png\",\"width\":759,\"height\":2000},{\"@type\":\"BreadcrumbList\",\"@id\":\"http:\/\/delbeckvignobles.com\/index.php\/chateau-ame-de-musset\/#breadcrumb\",\"itemListElement\":[{\"@type\":\"ListItem\",\"position\":1,\"name\":\"Accueil\",\"item\":\"http:\/\/delbeckvignobles.com\/\"},{\"@type\":\"ListItem\",\"position\":2,\"name\":\"Ch\u00e2teau \u00c2me de Musset\"}]},{\"@type\":\"WebSite\",\"@id\":\"http:\/\/delbeckvignobles.com\/#website\",\"url\":\"http:\/\/delbeckvignobles.com\/\",\"name\":\"Vignobles Delbeck\",\"description\":\"St Georges - St Emilion, Lalande de Pomerol et Bordeaux\",\"publisher\":{\"@id\":\"http:\/\/delbeckvignobles.com\/#organization\"},\"potentialAction\":[{\"@type\":\"SearchAction\",\"target\":{\"@type\":\"EntryPoint\",\"urlTemplate\":\"http:\/\/delbeckvignobles.com\/?s={search_term_string}\"},\"query-input\":{\"@type\":\"PropertyValueSpecification\",\"valueRequired\":true,\"valueName\":\"search_term_string\"}}],\"inLanguage\":\"fr-FR\"},{\"@type\":\"Organization\",\"@id\":\"http:\/\/delbeckvignobles.com\/#organization\",\"name\":\"Vignobles Delbeck\",\"url\":\"http:\/\/delbeckvignobles.com\/\",\"logo\":{\"@type\":\"ImageObject\",\"inLanguage\":\"fr-FR\",\"@id\":\"http:\/\/delbeckvignobles.com\/#\/schema\/logo\/image\/\",\"url\":\"https:\/\/delbeckvignobles.com\/wp-content\/uploads\/2020\/03\/logodvdRouge600x600.png\",\"contentUrl\":\"https:\/\/delbeckvignobles.com\/wp-content\/uploads\/2020\/03\/logodvdRouge600x600.png\",\"width\":600,\"height\":600,\"caption\":\"Vignobles Delbeck\"},\"image\":{\"@id\":\"http:\/\/delbeckvignobles.com\/#\/schema\/logo\/image\/\"}}]}<\/script>\n<!-- \/ Yoast SEO plugin. -->","yoast_head_json":{"title":"Ch\u00e2teau \u00c2me de Musset - Vignobles Delbeck","robots":{"index":"index","follow":"follow","max-snippet":"max-snippet:-1","max-image-preview":"max-image-preview:large","max-video-preview":"max-video-preview:-1"},"canonical":"http:\/\/delbeckvignobles.com\/index.php\/chateau-ame-de-musset\/","og_locale":"fr_FR","og_type":"article","og_title":"Ch\u00e2teau \u00c2me de Musset - Vignobles Delbeck","og_description":"Ch\u00e2teau \u00c2me de Musset Lalande-de-Pomerol Ce vignoble est situ\u00e9 sur la commune de Lalande de Pomerol, au coeur de l&rsquo;appellation Lalande de Pomerol (D\u00e9cret de 1925) ; cette zone viticole remonte \u00e0l&rsquo;\u00e9poque des Chevaliers de l&rsquo;ordre de Malte et des chevaliers de Saint-Jean de J\u00e9rusalem qui cr\u00e9\u00e8rent refuge et hospice sur ce chemin de Saint-Jacques [&hellip;]","og_url":"http:\/\/delbeckvignobles.com\/index.php\/chateau-ame-de-musset\/","og_site_name":"Vignobles Delbeck","article_modified_time":"2025-09-23T13:48:42+00:00","og_image":[{"url":"http:\/\/delbeckvignobles.com\/wp-content\/uploads\/2025\/09\/ADM15-blle.png","type":"","width":"","height":""}],"twitter_card":"summary_large_image","twitter_misc":{"Dur\u00e9e de lecture estim\u00e9e":"3 minutes"},"schema":{"@context":"https:\/\/schema.org","@graph":[{"@type":"WebPage","@id":"http:\/\/delbeckvignobles.com\/index.php\/chateau-ame-de-musset\/","url":"http:\/\/delbeckvignobles.com\/index.php\/chateau-ame-de-musset\/","name":"Ch\u00e2teau \u00c2me de Musset - Vignobles Delbeck","isPartOf":{"@id":"http:\/\/delbeckvignobles.com\/#website"},"primaryImageOfPage":{"@id":"http:\/\/delbeckvignobles.com\/index.php\/chateau-ame-de-musset\/#primaryimage"},"image":{"@id":"http:\/\/delbeckvignobles.com\/index.php\/chateau-ame-de-musset\/#primaryimage"},"thumbnailUrl":"http:\/\/delbeckvignobles.com\/wp-content\/uploads\/2025\/09\/ADM15-blle.png","datePublished":"2020-05-02T11:58:27+00:00","dateModified":"2025-09-23T13:48:42+00:00","breadcrumb":{"@id":"http:\/\/delbeckvignobles.com\/index.php\/chateau-ame-de-musset\/#breadcrumb"},"inLanguage":"fr-FR","potentialAction":[{"@type":"ReadAction","target":["http:\/\/delbeckvignobles.com\/index.php\/chateau-ame-de-musset\/"]}]},{"@type":"ImageObject","inLanguage":"fr-FR","@id":"http:\/\/delbeckvignobles.com\/index.php\/chateau-ame-de-musset\/#primaryimage","url":"http:\/\/delbeckvignobles.com\/wp-content\/uploads\/2025\/09\/ADM15-blle.png","contentUrl":"http:\/\/delbeckvignobles.com\/wp-content\/uploads\/2025\/09\/ADM15-blle.png","width":759,"height":2000},{"@type":"BreadcrumbList","@id":"http:\/\/delbeckvignobles.com\/index.php\/chateau-ame-de-musset\/#breadcrumb","itemListElement":[{"@type":"ListItem","position":1,"name":"Accueil","item":"http:\/\/delbeckvignobles.com\/"},{"@type":"ListItem","position":2,"name":"Ch\u00e2teau \u00c2me de Musset"}]},{"@type":"WebSite","@id":"http:\/\/delbeckvignobles.com\/#website","url":"http:\/\/delbeckvignobles.com\/","name":"Vignobles Delbeck","description":"St Georges - St Emilion, Lalande de Pomerol et Bordeaux","publisher":{"@id":"http:\/\/delbeckvignobles.com\/#organization"},"potentialAction":[{"@type":"SearchAction","target":{"@type":"EntryPoint","urlTemplate":"http:\/\/delbeckvignobles.com\/?s={search_term_string}"},"query-input":{"@type":"PropertyValueSpecification","valueRequired":true,"valueName":"search_term_string"}}],"inLanguage":"fr-FR"},{"@type":"Organization","@id":"http:\/\/delbeckvignobles.com\/#organization","name":"Vignobles Delbeck","url":"http:\/\/delbeckvignobles.com\/","logo":{"@type":"ImageObject","inLanguage":"fr-FR","@id":"http:\/\/delbeckvignobles.com\/#\/schema\/logo\/image\/","url":"https:\/\/delbeckvignobles.com\/wp-content\/uploads\/2020\/03\/logodvdRouge600x600.png","contentUrl":"https:\/\/delbeckvignobles.com\/wp-content\/uploads\/2020\/03\/logodvdRouge600x600.png","width":600,"height":600,"caption":"Vignobles Delbeck"},"image":{"@id":"http:\/\/delbeckvignobles.com\/#\/schema\/logo\/image\/"}}]}},"jetpack_sharing_enabled":true,"_links":{"self":[{"href":"http:\/\/delbeckvignobles.com\/index.php\/wp-json\/wp\/v2\/pages\/375","targetHints":{"allow":["GET"]}}],"collection":[{"href":"http:\/\/delbeckvignobles.com\/index.php\/wp-json\/wp\/v2\/pages"}],"about":[{"href":"http:\/\/delbeckvignobles.com\/index.php\/wp-json\/wp\/v2\/types\/page"}],"author":[{"embeddable":true,"href":"http:\/\/delbeckvignobles.com\/index.php\/wp-json\/wp\/v2\/users\/1"}],"replies":[{"embeddable":true,"href":"http:\/\/delbeckvignobles.com\/index.php\/wp-json\/wp\/v2\/comments?post=375"}],"version-history":[{"count":18,"href":"http:\/\/delbeckvignobles.com\/index.php\/wp-json\/wp\/v2\/pages\/375\/revisions"}],"predecessor-version":[{"id":795,"href":"http:\/\/delbeckvignobles.com\/index.php\/wp-json\/wp\/v2\/pages\/375\/revisions\/795"}],"wp:attachment":[{"href":"http:\/\/delbeckvignobles.com\/index.php\/wp-json\/wp\/v2\/media?parent=375"}],"curies":[{"name":"wp","href":"https:\/\/api.w.org\/{rel}","templated":true}]}}