{"id":366,"date":"2020-04-30T12:24:09","date_gmt":"2020-04-30T10:24:09","guid":{"rendered":"http:\/\/delbeckvignobles.com\/?page_id=366"},"modified":"2025-09-23T16:00:02","modified_gmt":"2025-09-23T14:00:02","slug":"ame-de-saint-georges","status":"publish","type":"page","link":"http:\/\/delbeckvignobles.com\/index.php\/ame-de-saint-georges\/","title":{"rendered":"Ame de Saint-Georges"},"content":{"rendered":"\t\t<div data-elementor-type=\"wp-page\" data-elementor-id=\"366\" class=\"elementor elementor-366\">\n\t\t\t\t\t\t<section class=\"elementor-section elementor-top-section elementor-element elementor-element-55127814 elementor-section-content-middle elementor-section-boxed elementor-section-height-default elementor-section-height-default\" data-id=\"55127814\" data-element_type=\"section\">\n\t\t\t\t\t\t<div class=\"elementor-container elementor-column-gap-default\">\n\t\t\t\t\t<div class=\"elementor-column elementor-col-50 elementor-top-column elementor-element elementor-element-2ad3d8eb\" data-id=\"2ad3d8eb\" data-element_type=\"column\">\n\t\t\t<div class=\"elementor-widget-wrap elementor-element-populated\">\n\t\t\t\t\t\t<div class=\"elementor-element elementor-element-03c71e2 elementor-widget elementor-widget-heading\" data-id=\"03c71e2\" data-element_type=\"widget\" data-widget_type=\"heading.default\">\n\t\t\t\t<div class=\"elementor-widget-container\">\n\t\t\t\t\t<h2 class=\"elementor-heading-title elementor-size-default\">\u00c2ME<\/h2>\t\t\t\t<\/div>\n\t\t\t\t<\/div>\n\t\t\t\t<div class=\"elementor-element elementor-element-f82e303 elementor-widget elementor-widget-heading\" data-id=\"f82e303\" data-element_type=\"widget\" data-widget_type=\"heading.default\">\n\t\t\t\t<div class=\"elementor-widget-container\">\n\t\t\t\t\t<h2 class=\"elementor-heading-title elementor-size-default\">de Saint-Georges<\/h2>\t\t\t\t<\/div>\n\t\t\t\t<\/div>\n\t\t\t\t<div class=\"elementor-element elementor-element-50b1f0c elementor-widget elementor-widget-heading\" data-id=\"50b1f0c\" data-element_type=\"widget\" data-widget_type=\"heading.default\">\n\t\t\t\t<div class=\"elementor-widget-container\">\n\t\t\t\t\t<h2 class=\"elementor-heading-title elementor-size-default\">DU CH\u00c2TEAU Tour du Pas Saint-Georges<\/h2>\t\t\t\t<\/div>\n\t\t\t\t<\/div>\n\t\t\t\t<div class=\"elementor-element elementor-element-c272d3d elementor-widget elementor-widget-heading\" data-id=\"c272d3d\" data-element_type=\"widget\" data-widget_type=\"heading.default\">\n\t\t\t\t<div class=\"elementor-widget-container\">\n\t\t\t\t\t<h2 class=\"elementor-heading-title elementor-size-default\">Saint-Georges - Saint-Emilion<\/h2>\t\t\t\t<\/div>\n\t\t\t\t<\/div>\n\t\t\t\t<div class=\"elementor-element elementor-element-8e7fd82 elementor-widget elementor-widget-image\" data-id=\"8e7fd82\" data-element_type=\"widget\" data-widget_type=\"image.default\">\n\t\t\t\t<div class=\"elementor-widget-container\">\n\t\t\t\t\t\t\t\t\t\t\t\t\t\t\t<img fetchpriority=\"high\" decoding=\"async\" width=\"658\" height=\"1600\" src=\"https:\/\/delbeckvignobles.com\/wp-content\/uploads\/2025\/09\/ASG18-blle.png\" class=\"attachment-full size-full wp-image-799\" alt=\"\" srcset=\"https:\/\/delbeckvignobles.com\/wp-content\/uploads\/2025\/09\/ASG18-blle.png 658w, https:\/\/delbeckvignobles.com\/wp-content\/uploads\/2025\/09\/ASG18-blle-600x1459.png 600w, https:\/\/delbeckvignobles.com\/wp-content\/uploads\/2025\/09\/ASG18-blle-123x300.png 123w, https:\/\/delbeckvignobles.com\/wp-content\/uploads\/2025\/09\/ASG18-blle-421x1024.png 421w, https:\/\/delbeckvignobles.com\/wp-content\/uploads\/2025\/09\/ASG18-blle-632x1536.png 632w\" sizes=\"(max-width: 658px) 100vw, 658px\" \/>\t\t\t\t\t\t\t\t\t\t\t\t\t\t\t<\/div>\n\t\t\t\t<\/div>\n\t\t\t\t<div class=\"elementor-element elementor-element-5d55caf elementor-drop-cap-yes elementor-drop-cap-view-default elementor-widget elementor-widget-text-editor\" data-id=\"5d55caf\" data-element_type=\"widget\" data-settings=\"{&quot;drop_cap&quot;:&quot;yes&quot;}\" data-widget_type=\"text-editor.default\">\n\t\t\t\t<div class=\"elementor-widget-container\">\n\t\t\t\t\t\t\t\t\t<p>L\u00a0 <em>\u2019 \u00c2me de Saint-Georges est avant tout une histoire d\u2019amour entre les hommes et les femmes qui ont cultiv\u00e9s cette terre avec passion depuis des d\u00e9cennies et des c\u00e9pages ancestraux s\u00e9lectionn\u00e9s sur le terroir d&rsquo;un prestigieux Premier<\/em><em> Grand Cru Class\u00e9 de Saint-Emilion.<\/em><br \/><em>Je souhaite aujourd\u2019hui vous livrer l\u2019h\u00e9ritage que nous a laiss\u00e9 Helyett Dubois-Challon, enrichi de l\u2019exp\u00e9rience de mon p\u00e8re qui a r\u00e9v\u00e9l\u00e9 la meilleure cuv\u00e9e <\/em><em>assembl\u00e9e au Ch\u00e2teau. L\u2019alchimie des c\u00e9pages Merlot, Cabernet Franc, Cabernet <\/em><em>Sauvignon, Petit Verdot, Carm\u00e9n\u00e8re et Malbec lui donne sa complexit\u00e9, sa <\/em><em>richesse aromatique, sa longueur, son charme et sa grande capacit\u00e9 de garde.<\/em><\/p><h4 style=\"padding-left: 200px;\">\u00a0<\/h4>\t\t\t\t\t\t\t\t<\/div>\n\t\t\t\t<\/div>\n\t\t\t\t\t<\/div>\n\t\t<\/div>\n\t\t\t\t<div class=\"elementor-column elementor-col-50 elementor-top-column elementor-element elementor-element-7310b7f2\" data-id=\"7310b7f2\" data-element_type=\"column\">\n\t\t\t<div class=\"elementor-widget-wrap elementor-element-populated\">\n\t\t\t\t\t\t<div class=\"elementor-element elementor-element-df30d74 elementor-drop-cap-yes elementor-drop-cap-view-default elementor-widget elementor-widget-text-editor\" data-id=\"df30d74\" data-element_type=\"widget\" data-settings=\"{&quot;drop_cap&quot;:&quot;yes&quot;}\" data-widget_type=\"text-editor.default\">\n\t\t\t\t<div class=\"elementor-widget-container\">\n\t\t\t\t\t\t\t\t\t<p>R<strong>enseignements techniques<\/strong> :<\/p><p><em>Cuv\u00e9e d&rsquo;exception produite \u00e0 partir de vignes plant\u00e9e il y a une trentaine d&rsquo;ann\u00e9e dans le d\u00e9sir de s&rsquo;adapter aux changements climatiques que nous vivons aujourd&rsquo;hui<br \/><\/em><\/p><p><em>Terroir<\/em> : Sol argilo-calcaire, molasse sur fond d&rsquo;argile et sables du P\u00e9rigord.<\/p><p><em>C\u00e9pages<\/em> : Merlot, Cabernet Franc. Cabernet Sauvignon, Malbec, Carm\u00e9n\u00e8re et Petit Verdot.<\/p><p>Porte-greffes adapt\u00e9s au terroir 10114\/3309\/41B. Culture naturelle et traitements tr\u00e8s respectueux des \u00e9quilibres; biodiversit\u00e9 et soins attentifs port\u00e9s au drainage.<\/p>\t\t\t\t\t\t\t\t<\/div>\n\t\t\t\t<\/div>\n\t\t\t\t<div class=\"elementor-element elementor-element-f503c37 elementor-widget elementor-widget-image\" data-id=\"f503c37\" data-element_type=\"widget\" data-widget_type=\"image.default\">\n\t\t\t\t<div class=\"elementor-widget-container\">\n\t\t\t\t\t\t\t\t\t\t\t\t\t\t\t<img decoding=\"async\" width=\"451\" height=\"150\" src=\"https:\/\/delbeckvignobles.com\/wp-content\/uploads\/2020\/04\/AOC-SGSE4.jpg\" class=\"attachment-full size-full wp-image-307\" alt=\"\" srcset=\"https:\/\/delbeckvignobles.com\/wp-content\/uploads\/2020\/04\/AOC-SGSE4.jpg 451w, https:\/\/delbeckvignobles.com\/wp-content\/uploads\/2020\/04\/elementor\/thumbs\/AOC-SGSE4-ooozktr5vu77di1rvukxwavfchs6spumwth3ua80ko.jpg 300w\" sizes=\"(max-width: 451px) 100vw, 451px\" \/>\t\t\t\t\t\t\t\t\t\t\t\t\t\t\t<\/div>\n\t\t\t\t<\/div>\n\t\t\t\t<div class=\"elementor-element elementor-element-5c50596 elementor-drop-cap-yes elementor-drop-cap-view-default elementor-widget elementor-widget-text-editor\" data-id=\"5c50596\" data-element_type=\"widget\" data-settings=\"{&quot;drop_cap&quot;:&quot;yes&quot;}\" data-widget_type=\"text-editor.default\">\n\t\t\t\t<div class=\"elementor-widget-container\">\n\t\t\t\t\t\t\t\t\t<p>V<strong>inification<\/strong> :<\/p><p>Ramassage \u00e0 maturit\u00e9 physiologique par d\u00e9gustation des baies.<br \/>Un chai innovant \u00e0 gravit\u00e9 et pigeage par h\u00e9licopigeur.<br \/>Vinification s\u00e9par\u00e9e afin de respecter les sp\u00e9cificit\u00e9s de chaque c\u00e9page.<br \/>Elevage en barrique de 15 mois (dont 50% en barrique neuve et 50% en barrique d\u2019un vin).<br \/>Mise en bouteille au Ch\u00e2teau.<\/p>\t\t\t\t\t\t\t\t<\/div>\n\t\t\t\t<\/div>\n\t\t\t\t<div class=\"elementor-element elementor-element-573b991 elementor-widget elementor-widget-image\" data-id=\"573b991\" data-element_type=\"widget\" data-widget_type=\"image.default\">\n\t\t\t\t<div class=\"elementor-widget-container\">\n\t\t\t\t\t\t\t\t\t\t\t\t\t\t\t<img decoding=\"async\" width=\"2000\" height=\"1200\" src=\"https:\/\/delbeckvignobles.com\/wp-content\/uploads\/2020\/04\/bllesVrac2000x1200_1.jpg\" class=\"attachment-full size-full wp-image-94\" alt=\"\" srcset=\"https:\/\/delbeckvignobles.com\/wp-content\/uploads\/2020\/04\/bllesVrac2000x1200_1.jpg 2000w, https:\/\/delbeckvignobles.com\/wp-content\/uploads\/2020\/04\/bllesVrac2000x1200_1-600x360.jpg 600w, https:\/\/delbeckvignobles.com\/wp-content\/uploads\/2020\/04\/bllesVrac2000x1200_1-300x180.jpg 300w, https:\/\/delbeckvignobles.com\/wp-content\/uploads\/2020\/04\/bllesVrac2000x1200_1-1024x614.jpg 1024w, https:\/\/delbeckvignobles.com\/wp-content\/uploads\/2020\/04\/bllesVrac2000x1200_1-768x461.jpg 768w, https:\/\/delbeckvignobles.com\/wp-content\/uploads\/2020\/04\/bllesVrac2000x1200_1-1536x922.jpg 1536w\" sizes=\"(max-width: 2000px) 100vw, 2000px\" \/>\t\t\t\t\t\t\t\t\t\t\t\t\t\t\t<\/div>\n\t\t\t\t<\/div>\n\t\t\t\t<div class=\"elementor-element elementor-element-e208ad6 elementor-align-left animated-slow elementor-invisible elementor-widget elementor-widget-button\" data-id=\"e208ad6\" data-element_type=\"widget\" data-settings=\"{&quot;_animation&quot;:&quot;fadeIn&quot;}\" data-widget_type=\"button.default\">\n\t\t\t\t<div class=\"elementor-widget-container\">\n\t\t\t\t\t\t\t\t\t<div class=\"elementor-button-wrapper\">\n\t\t\t\t\t<a class=\"elementor-button elementor-button-link elementor-size-lg elementor-animation-grow\" href=\"http:\/\/www.delbeckboutique.com\/5-saint-georges-saint-emilion\" target=\"_blank\">\n\t\t\t\t\t\t<span class=\"elementor-button-content-wrapper\">\n\t\t\t\t\t\t<span class=\"elementor-button-icon\">\n\t\t\t\t<i aria-hidden=\"true\" class=\"fas fa-cart-plus\"><\/i>\t\t\t<\/span>\n\t\t\t\t\t\t\t\t\t<span class=\"elementor-button-text\">Acheter ce vin sur notre boutique en ligne<\/span>\n\t\t\t\t\t<\/span>\n\t\t\t\t\t<\/a>\n\t\t\t\t<\/div>\n\t\t\t\t\t\t\t\t<\/div>\n\t\t\t\t<\/div>\n\t\t\t\t\t<\/div>\n\t\t<\/div>\n\t\t\t\t\t<\/div>\n\t\t<\/section>\n\t\t\t\t<\/div>\n\t\t","protected":false},"excerpt":{"rendered":"<p>\u00c2ME de Saint-Georges DU CH\u00c2TEAU Tour du Pas Saint-Georges Saint-Georges &#8211; Saint-Emilion L\u00a0 \u2019 \u00c2me de Saint-Georges est avant tout une histoire d\u2019amour entre les hommes et les femmes qui ont cultiv\u00e9s cette terre avec passion depuis des d\u00e9cennies et des c\u00e9pages ancestraux s\u00e9lectionn\u00e9s sur le terroir d&rsquo;un prestigieux Premier Grand Cru Class\u00e9 de Saint-Emilion.Je [&hellip;]<\/p>\n","protected":false},"author":1,"featured_media":0,"parent":0,"menu_order":0,"comment_status":"closed","ping_status":"closed","template":"","meta":{"site-sidebar-layout":"no-sidebar","site-content-layout":"page-builder","ast-site-content-layout":"default","site-content-style":"default","site-sidebar-style":"default","ast-global-header-display":"","ast-banner-title-visibility":"","ast-main-header-display":"","ast-hfb-above-header-display":"","ast-hfb-below-header-display":"","ast-hfb-mobile-header-display":"","site-post-title":"disabled","ast-breadcrumbs-content":"","ast-featured-img":"disabled","footer-sml-layout":"","theme-transparent-header-meta":"default","adv-header-id-meta":"","stick-header-meta":"","header-above-stick-meta":"","header-main-stick-meta":"","header-below-stick-meta":"","astra-migrate-meta-layouts":"default","ast-page-background-enabled":"default","ast-page-background-meta":{"desktop":{"background-color":"var(--ast-global-color-4)","background-image":"","background-repeat":"repeat","background-position":"center center","background-size":"auto","background-attachment":"scroll","background-type":"","background-media":"","overlay-type":"","overlay-color":"","overlay-opacity":"","overlay-gradient":""},"tablet":{"background-color":"","background-image":"","background-repeat":"repeat","background-position":"center center","background-size":"auto","background-attachment":"scroll","background-type":"","background-media":"","overlay-type":"","overlay-color":"","overlay-opacity":"","overlay-gradient":""},"mobile":{"background-color":"","background-image":"","background-repeat":"repeat","background-position":"center center","background-size":"auto","background-attachment":"scroll","background-type":"","background-media":"","overlay-type":"","overlay-color":"","overlay-opacity":"","overlay-gradient":""}},"ast-content-background-meta":{"desktop":{"background-color":"var(--ast-global-color-5)","background-image":"","background-repeat":"repeat","background-position":"center center","background-size":"auto","background-attachment":"scroll","background-type":"","background-media":"","overlay-type":"","overlay-color":"","overlay-opacity":"","overlay-gradient":""},"tablet":{"background-color":"var(--ast-global-color-5)","background-image":"","background-repeat":"repeat","background-position":"center center","background-size":"auto","background-attachment":"scroll","background-type":"","background-media":"","overlay-type":"","overlay-color":"","overlay-opacity":"","overlay-gradient":""},"mobile":{"background-color":"var(--ast-global-color-5)","background-image":"","background-repeat":"repeat","background-position":"center center","background-size":"auto","background-attachment":"scroll","background-type":"","background-media":"","overlay-type":"","overlay-color":"","overlay-opacity":"","overlay-gradient":""}},"footnotes":""},"class_list":["post-366","page","type-page","status-publish","hentry"],"yoast_head":"<!-- This site is optimized with the Yoast SEO plugin v26.1.1 - https:\/\/yoast.com\/wordpress\/plugins\/seo\/ -->\n<title>Ame de Saint-Georges - Vignobles Delbeck<\/title>\n<meta name=\"robots\" content=\"index, follow, max-snippet:-1, max-image-preview:large, max-video-preview:-1\" \/>\n<link rel=\"canonical\" href=\"http:\/\/delbeckvignobles.com\/index.php\/ame-de-saint-georges\/\" \/>\n<meta property=\"og:locale\" content=\"fr_FR\" \/>\n<meta property=\"og:type\" content=\"article\" \/>\n<meta property=\"og:title\" content=\"Ame de Saint-Georges - Vignobles Delbeck\" \/>\n<meta property=\"og:description\" content=\"\u00c2ME de Saint-Georges DU CH\u00c2TEAU Tour du Pas Saint-Georges Saint-Georges &#8211; Saint-Emilion L\u00a0 \u2019 \u00c2me de Saint-Georges est avant tout une histoire d\u2019amour entre les hommes et les femmes qui ont cultiv\u00e9s cette terre avec passion depuis des d\u00e9cennies et des c\u00e9pages ancestraux s\u00e9lectionn\u00e9s sur le terroir d&rsquo;un prestigieux Premier Grand Cru Class\u00e9 de Saint-Emilion.Je [&hellip;]\" \/>\n<meta property=\"og:url\" content=\"http:\/\/delbeckvignobles.com\/index.php\/ame-de-saint-georges\/\" \/>\n<meta property=\"og:site_name\" content=\"Vignobles Delbeck\" \/>\n<meta property=\"article:modified_time\" content=\"2025-09-23T14:00:02+00:00\" \/>\n<meta property=\"og:image\" content=\"http:\/\/delbeckvignobles.com\/wp-content\/uploads\/2025\/09\/ASG18-blle.png\" \/>\n<meta name=\"twitter:card\" content=\"summary_large_image\" \/>\n<meta name=\"twitter:label1\" content=\"Dur\u00e9e de lecture estim\u00e9e\" \/>\n\t<meta name=\"twitter:data1\" content=\"2 minutes\" \/>\n<script type=\"application\/ld+json\" class=\"yoast-schema-graph\">{\"@context\":\"https:\/\/schema.org\",\"@graph\":[{\"@type\":\"WebPage\",\"@id\":\"http:\/\/delbeckvignobles.com\/index.php\/ame-de-saint-georges\/\",\"url\":\"http:\/\/delbeckvignobles.com\/index.php\/ame-de-saint-georges\/\",\"name\":\"Ame de Saint-Georges - Vignobles Delbeck\",\"isPartOf\":{\"@id\":\"https:\/\/delbeckvignobles.com\/#website\"},\"primaryImageOfPage\":{\"@id\":\"http:\/\/delbeckvignobles.com\/index.php\/ame-de-saint-georges\/#primaryimage\"},\"image\":{\"@id\":\"http:\/\/delbeckvignobles.com\/index.php\/ame-de-saint-georges\/#primaryimage\"},\"thumbnailUrl\":\"http:\/\/delbeckvignobles.com\/wp-content\/uploads\/2025\/09\/ASG18-blle.png\",\"datePublished\":\"2020-04-30T10:24:09+00:00\",\"dateModified\":\"2025-09-23T14:00:02+00:00\",\"breadcrumb\":{\"@id\":\"http:\/\/delbeckvignobles.com\/index.php\/ame-de-saint-georges\/#breadcrumb\"},\"inLanguage\":\"fr-FR\",\"potentialAction\":[{\"@type\":\"ReadAction\",\"target\":[\"http:\/\/delbeckvignobles.com\/index.php\/ame-de-saint-georges\/\"]}]},{\"@type\":\"ImageObject\",\"inLanguage\":\"fr-FR\",\"@id\":\"http:\/\/delbeckvignobles.com\/index.php\/ame-de-saint-georges\/#primaryimage\",\"url\":\"http:\/\/delbeckvignobles.com\/wp-content\/uploads\/2025\/09\/ASG18-blle.png\",\"contentUrl\":\"http:\/\/delbeckvignobles.com\/wp-content\/uploads\/2025\/09\/ASG18-blle.png\",\"width\":658,\"height\":1600},{\"@type\":\"BreadcrumbList\",\"@id\":\"http:\/\/delbeckvignobles.com\/index.php\/ame-de-saint-georges\/#breadcrumb\",\"itemListElement\":[{\"@type\":\"ListItem\",\"position\":1,\"name\":\"Accueil\",\"item\":\"https:\/\/delbeckvignobles.com\/\"},{\"@type\":\"ListItem\",\"position\":2,\"name\":\"Ame de Saint-Georges\"}]},{\"@type\":\"WebSite\",\"@id\":\"https:\/\/delbeckvignobles.com\/#website\",\"url\":\"https:\/\/delbeckvignobles.com\/\",\"name\":\"Vignobles Delbeck\",\"description\":\"St Georges - St Emilion, Lalande de Pomerol et Bordeaux\",\"publisher\":{\"@id\":\"https:\/\/delbeckvignobles.com\/#organization\"},\"potentialAction\":[{\"@type\":\"SearchAction\",\"target\":{\"@type\":\"EntryPoint\",\"urlTemplate\":\"https:\/\/delbeckvignobles.com\/?s={search_term_string}\"},\"query-input\":{\"@type\":\"PropertyValueSpecification\",\"valueRequired\":true,\"valueName\":\"search_term_string\"}}],\"inLanguage\":\"fr-FR\"},{\"@type\":\"Organization\",\"@id\":\"https:\/\/delbeckvignobles.com\/#organization\",\"name\":\"Vignobles Delbeck\",\"url\":\"https:\/\/delbeckvignobles.com\/\",\"logo\":{\"@type\":\"ImageObject\",\"inLanguage\":\"fr-FR\",\"@id\":\"https:\/\/delbeckvignobles.com\/#\/schema\/logo\/image\/\",\"url\":\"https:\/\/delbeckvignobles.com\/wp-content\/uploads\/2020\/03\/logodvdRouge600x600.png\",\"contentUrl\":\"https:\/\/delbeckvignobles.com\/wp-content\/uploads\/2020\/03\/logodvdRouge600x600.png\",\"width\":600,\"height\":600,\"caption\":\"Vignobles Delbeck\"},\"image\":{\"@id\":\"https:\/\/delbeckvignobles.com\/#\/schema\/logo\/image\/\"}}]}<\/script>\n<!-- \/ Yoast SEO plugin. -->","yoast_head_json":{"title":"Ame de Saint-Georges - Vignobles Delbeck","robots":{"index":"index","follow":"follow","max-snippet":"max-snippet:-1","max-image-preview":"max-image-preview:large","max-video-preview":"max-video-preview:-1"},"canonical":"http:\/\/delbeckvignobles.com\/index.php\/ame-de-saint-georges\/","og_locale":"fr_FR","og_type":"article","og_title":"Ame de Saint-Georges - Vignobles Delbeck","og_description":"\u00c2ME de Saint-Georges DU CH\u00c2TEAU Tour du Pas Saint-Georges Saint-Georges &#8211; Saint-Emilion L\u00a0 \u2019 \u00c2me de Saint-Georges est avant tout une histoire d\u2019amour entre les hommes et les femmes qui ont cultiv\u00e9s cette terre avec passion depuis des d\u00e9cennies et des c\u00e9pages ancestraux s\u00e9lectionn\u00e9s sur le terroir d&rsquo;un prestigieux Premier Grand Cru Class\u00e9 de Saint-Emilion.Je [&hellip;]","og_url":"http:\/\/delbeckvignobles.com\/index.php\/ame-de-saint-georges\/","og_site_name":"Vignobles Delbeck","article_modified_time":"2025-09-23T14:00:02+00:00","og_image":[{"url":"http:\/\/delbeckvignobles.com\/wp-content\/uploads\/2025\/09\/ASG18-blle.png","type":"","width":"","height":""}],"twitter_card":"summary_large_image","twitter_misc":{"Dur\u00e9e de lecture estim\u00e9e":"2 minutes"},"schema":{"@context":"https:\/\/schema.org","@graph":[{"@type":"WebPage","@id":"http:\/\/delbeckvignobles.com\/index.php\/ame-de-saint-georges\/","url":"http:\/\/delbeckvignobles.com\/index.php\/ame-de-saint-georges\/","name":"Ame de Saint-Georges - Vignobles Delbeck","isPartOf":{"@id":"https:\/\/delbeckvignobles.com\/#website"},"primaryImageOfPage":{"@id":"http:\/\/delbeckvignobles.com\/index.php\/ame-de-saint-georges\/#primaryimage"},"image":{"@id":"http:\/\/delbeckvignobles.com\/index.php\/ame-de-saint-georges\/#primaryimage"},"thumbnailUrl":"http:\/\/delbeckvignobles.com\/wp-content\/uploads\/2025\/09\/ASG18-blle.png","datePublished":"2020-04-30T10:24:09+00:00","dateModified":"2025-09-23T14:00:02+00:00","breadcrumb":{"@id":"http:\/\/delbeckvignobles.com\/index.php\/ame-de-saint-georges\/#breadcrumb"},"inLanguage":"fr-FR","potentialAction":[{"@type":"ReadAction","target":["http:\/\/delbeckvignobles.com\/index.php\/ame-de-saint-georges\/"]}]},{"@type":"ImageObject","inLanguage":"fr-FR","@id":"http:\/\/delbeckvignobles.com\/index.php\/ame-de-saint-georges\/#primaryimage","url":"http:\/\/delbeckvignobles.com\/wp-content\/uploads\/2025\/09\/ASG18-blle.png","contentUrl":"http:\/\/delbeckvignobles.com\/wp-content\/uploads\/2025\/09\/ASG18-blle.png","width":658,"height":1600},{"@type":"BreadcrumbList","@id":"http:\/\/delbeckvignobles.com\/index.php\/ame-de-saint-georges\/#breadcrumb","itemListElement":[{"@type":"ListItem","position":1,"name":"Accueil","item":"https:\/\/delbeckvignobles.com\/"},{"@type":"ListItem","position":2,"name":"Ame de Saint-Georges"}]},{"@type":"WebSite","@id":"https:\/\/delbeckvignobles.com\/#website","url":"https:\/\/delbeckvignobles.com\/","name":"Vignobles Delbeck","description":"St Georges - St Emilion, Lalande de Pomerol et Bordeaux","publisher":{"@id":"https:\/\/delbeckvignobles.com\/#organization"},"potentialAction":[{"@type":"SearchAction","target":{"@type":"EntryPoint","urlTemplate":"https:\/\/delbeckvignobles.com\/?s={search_term_string}"},"query-input":{"@type":"PropertyValueSpecification","valueRequired":true,"valueName":"search_term_string"}}],"inLanguage":"fr-FR"},{"@type":"Organization","@id":"https:\/\/delbeckvignobles.com\/#organization","name":"Vignobles Delbeck","url":"https:\/\/delbeckvignobles.com\/","logo":{"@type":"ImageObject","inLanguage":"fr-FR","@id":"https:\/\/delbeckvignobles.com\/#\/schema\/logo\/image\/","url":"https:\/\/delbeckvignobles.com\/wp-content\/uploads\/2020\/03\/logodvdRouge600x600.png","contentUrl":"https:\/\/delbeckvignobles.com\/wp-content\/uploads\/2020\/03\/logodvdRouge600x600.png","width":600,"height":600,"caption":"Vignobles Delbeck"},"image":{"@id":"https:\/\/delbeckvignobles.com\/#\/schema\/logo\/image\/"}}]}},"jetpack_sharing_enabled":true,"_links":{"self":[{"href":"http:\/\/delbeckvignobles.com\/index.php\/wp-json\/wp\/v2\/pages\/366","targetHints":{"allow":["GET"]}}],"collection":[{"href":"http:\/\/delbeckvignobles.com\/index.php\/wp-json\/wp\/v2\/pages"}],"about":[{"href":"http:\/\/delbeckvignobles.com\/index.php\/wp-json\/wp\/v2\/types\/page"}],"author":[{"embeddable":true,"href":"http:\/\/delbeckvignobles.com\/index.php\/wp-json\/wp\/v2\/users\/1"}],"replies":[{"embeddable":true,"href":"http:\/\/delbeckvignobles.com\/index.php\/wp-json\/wp\/v2\/comments?post=366"}],"version-history":[{"count":15,"href":"http:\/\/delbeckvignobles.com\/index.php\/wp-json\/wp\/v2\/pages\/366\/revisions"}],"predecessor-version":[{"id":802,"href":"http:\/\/delbeckvignobles.com\/index.php\/wp-json\/wp\/v2\/pages\/366\/revisions\/802"}],"wp:attachment":[{"href":"http:\/\/delbeckvignobles.com\/index.php\/wp-json\/wp\/v2\/media?parent=366"}],"curies":[{"name":"wp","href":"https:\/\/api.w.org\/{rel}","templated":true}]}}