{"id":32,"date":"2020-03-31T19:07:53","date_gmt":"2020-03-31T17:07:53","guid":{"rendered":"http:\/\/delbeckvignobles.com\/?page_id=32"},"modified":"2020-05-08T11:59:27","modified_gmt":"2020-05-08T09:59:27","slug":"contact","status":"publish","type":"page","link":"http:\/\/delbeckvignobles.com\/index.php\/contact\/","title":{"rendered":"Contact"},"content":{"rendered":"\t\t<div data-elementor-type=\"wp-page\" data-elementor-id=\"32\" class=\"elementor elementor-32\">\n\t\t\t\t\t\t<section class=\"elementor-section elementor-top-section elementor-element elementor-element-31f9d236 elementor-section-full_width elementor-section-stretched elementor-section-height-default elementor-section-height-default\" data-id=\"31f9d236\" data-element_type=\"section\" data-settings=\"{&quot;background_background&quot;:&quot;classic&quot;,&quot;stretch_section&quot;:&quot;section-stretched&quot;}\">\n\t\t\t\t\t\t<div class=\"elementor-container elementor-column-gap-no\">\n\t\t\t\t\t<div class=\"elementor-column elementor-col-100 elementor-top-column elementor-element elementor-element-7d77696\" data-id=\"7d77696\" data-element_type=\"column\">\n\t\t\t<div class=\"elementor-widget-wrap elementor-element-populated\">\n\t\t\t\t\t\t<div class=\"elementor-element elementor-element-38fef139 animated-slow elementor-invisible elementor-widget elementor-widget-google_maps\" data-id=\"38fef139\" data-element_type=\"widget\" data-settings=\"{&quot;_animation&quot;:&quot;fadeIn&quot;}\" data-widget_type=\"google_maps.default\">\n\t\t\t\t<div class=\"elementor-widget-container\">\n\t\t\t\t\t\t\t<div class=\"elementor-custom-embed\">\n\t\t\t<iframe loading=\"lazy\"\n\t\t\t\t\tsrc=\"https:\/\/maps.google.com\/maps?q=Delbeck%20Vignobles%20et%20D%C3%A9veloppements&#038;t=m&#038;z=13&#038;output=embed&#038;iwloc=near\"\n\t\t\t\t\ttitle=\"Delbeck Vignobles et D\u00e9veloppements\"\n\t\t\t\t\taria-label=\"Delbeck Vignobles et D\u00e9veloppements\"\n\t\t\t><\/iframe>\n\t\t<\/div>\n\t\t\t\t\t\t<\/div>\n\t\t\t\t<\/div>\n\t\t\t\t<section class=\"elementor-section elementor-inner-section elementor-element elementor-element-2f76414c elementor-section-content-middle elementor-section-full_width elementor-section-height-default elementor-section-height-default\" data-id=\"2f76414c\" data-element_type=\"section\" data-settings=\"{&quot;background_background&quot;:&quot;classic&quot;}\">\n\t\t\t\t\t\t\t<div class=\"elementor-background-overlay\"><\/div>\n\t\t\t\t\t\t\t<div class=\"elementor-container elementor-column-gap-no\">\n\t\t\t\t\t<div class=\"elementor-column elementor-col-33 elementor-inner-column elementor-element elementor-element-352542b0\" data-id=\"352542b0\" data-element_type=\"column\">\n\t\t\t<div class=\"elementor-widget-wrap elementor-element-populated\">\n\t\t\t\t\t\t<div class=\"elementor-element elementor-element-7608a441 elementor-widget elementor-widget-heading\" data-id=\"7608a441\" data-element_type=\"widget\" data-widget_type=\"heading.default\">\n\t\t\t\t<div class=\"elementor-widget-container\">\n\t\t\t\t\t<h6 class=\"elementor-heading-title elementor-size-default\">Nous trouver<\/h6>\t\t\t\t<\/div>\n\t\t\t\t<\/div>\n\t\t\t\t<div class=\"elementor-element elementor-element-b07a159 animated-slow elementor-invisible elementor-widget elementor-widget-text-editor\" data-id=\"b07a159\" data-element_type=\"widget\" data-settings=\"{&quot;_animation&quot;:&quot;zoomIn&quot;}\" data-widget_type=\"text-editor.default\">\n\t\t\t\t<div class=\"elementor-widget-container\">\n\t\t\t\t\t\t\t\t\t<p>Delbeck Vignobles &amp; D\u00e9veloppements<br \/>Ch\u00e2teau Tour du Pas St Georges <br \/>8 route de Messide <br \/>33570 Montagne<\/p>\t\t\t\t\t\t\t\t<\/div>\n\t\t\t\t<\/div>\n\t\t\t\t\t<\/div>\n\t\t<\/div>\n\t\t\t\t<div class=\"elementor-column elementor-col-33 elementor-inner-column elementor-element elementor-element-4a38aef9\" data-id=\"4a38aef9\" data-element_type=\"column\">\n\t\t\t<div class=\"elementor-widget-wrap elementor-element-populated\">\n\t\t\t\t\t\t<div class=\"elementor-element elementor-element-5e022104 elementor-widget elementor-widget-heading\" data-id=\"5e022104\" data-element_type=\"widget\" data-widget_type=\"heading.default\">\n\t\t\t\t<div class=\"elementor-widget-container\">\n\t\t\t\t\t<h6 class=\"elementor-heading-title elementor-size-default\">Les horaires d'ouverture \nde notre boutique<\/h6>\t\t\t\t<\/div>\n\t\t\t\t<\/div>\n\t\t\t\t<div class=\"elementor-element elementor-element-5de85692 animated-slow elementor-invisible elementor-widget elementor-widget-text-editor\" data-id=\"5de85692\" data-element_type=\"widget\" data-settings=\"{&quot;_animation&quot;:&quot;zoomIn&quot;}\" data-widget_type=\"text-editor.default\">\n\t\t\t\t<div class=\"elementor-widget-container\">\n\t\t\t\t\t\t\t\t\t<p>du lundi au vendredi <br \/>9h30-12h00 et 14h00-16h30<\/p>\t\t\t\t\t\t\t\t<\/div>\n\t\t\t\t<\/div>\n\t\t\t\t<div class=\"elementor-element elementor-element-7bc138b elementor-widget elementor-widget-heading\" data-id=\"7bc138b\" data-element_type=\"widget\" data-widget_type=\"heading.default\">\n\t\t\t\t<div class=\"elementor-widget-container\">\n\t\t\t\t\t<h6 class=\"elementor-heading-title elementor-size-default\">Merci de t\u00e9l\u00e9phoner avant de vous d\u00e9placer<\/h6>\t\t\t\t<\/div>\n\t\t\t\t<\/div>\n\t\t\t\t\t<\/div>\n\t\t<\/div>\n\t\t\t\t<div class=\"elementor-column elementor-col-33 elementor-inner-column elementor-element elementor-element-513c1bf5\" data-id=\"513c1bf5\" data-element_type=\"column\">\n\t\t\t<div class=\"elementor-widget-wrap elementor-element-populated\">\n\t\t\t\t\t\t<div class=\"elementor-element elementor-element-4a934ca4 elementor-widget elementor-widget-heading\" data-id=\"4a934ca4\" data-element_type=\"widget\" data-widget_type=\"heading.default\">\n\t\t\t\t<div class=\"elementor-widget-container\">\n\t\t\t\t\t<h6 class=\"elementor-heading-title elementor-size-default\">Nous contacter<\/h6>\t\t\t\t<\/div>\n\t\t\t\t<\/div>\n\t\t\t\t<div class=\"elementor-element elementor-element-1481a354 animated-slow elementor-invisible elementor-widget elementor-widget-text-editor\" data-id=\"1481a354\" data-element_type=\"widget\" data-settings=\"{&quot;_animation&quot;:&quot;zoomIn&quot;}\" data-widget_type=\"text-editor.default\">\n\t\t\t\t<div class=\"elementor-widget-container\">\n\t\t\t\t\t\t\t\t\t<p>Tel. +33(0)5 57 24 70 94<br \/>Email: contact@delbeckvignobles.com<\/p>\t\t\t\t\t\t\t\t<\/div>\n\t\t\t\t<\/div>\n\t\t\t\t\t<\/div>\n\t\t<\/div>\n\t\t\t\t\t<\/div>\n\t\t<\/section>\n\t\t\t\t\t<\/div>\n\t\t<\/div>\n\t\t\t\t\t<\/div>\n\t\t<\/section>\n\t\t\t\t<\/div>\n\t\t","protected":false},"excerpt":{"rendered":"<p>Nous trouver Delbeck Vignobles &amp; D\u00e9veloppementsCh\u00e2teau Tour du Pas St Georges 8 route de Messide 33570 Montagne Les horaires d&rsquo;ouverture de notre boutique du lundi au vendredi 9h30-12h00 et 14h00-16h30 Merci de t\u00e9l\u00e9phoner avant de vous d\u00e9placer Nous contacter Tel. +33(0)5 57 24 70 94Email: contact@delbeckvignobles.com<\/p>\n","protected":false},"author":1,"featured_media":0,"parent":0,"menu_order":0,"comment_status":"closed","ping_status":"closed","template":"","meta":{"site-sidebar-layout":"default","site-content-layout":"default","ast-site-content-layout":"default","site-content-style":"default","site-sidebar-style":"default","ast-global-header-display":"","ast-banner-title-visibility":"","ast-main-header-display":"","ast-hfb-above-header-display":"","ast-hfb-below-header-display":"","ast-hfb-mobile-header-display":"","site-post-title":"","ast-breadcrumbs-content":"","ast-featured-img":"","footer-sml-layout":"","theme-transparent-header-meta":"default","adv-header-id-meta":"","stick-header-meta":"","header-above-stick-meta":"","header-main-stick-meta":"","header-below-stick-meta":"","astra-migrate-meta-layouts":"default","ast-page-background-enabled":"default","ast-page-background-meta":{"desktop":{"background-color":"var(--ast-global-color-4)","background-image":"","background-repeat":"repeat","background-position":"center center","background-size":"auto","background-attachment":"scroll","background-type":"","background-media":"","overlay-type":"","overlay-color":"","overlay-opacity":"","overlay-gradient":""},"tablet":{"background-color":"","background-image":"","background-repeat":"repeat","background-position":"center center","background-size":"auto","background-attachment":"scroll","background-type":"","background-media":"","overlay-type":"","overlay-color":"","overlay-opacity":"","overlay-gradient":""},"mobile":{"background-color":"","background-image":"","background-repeat":"repeat","background-position":"center center","background-size":"auto","background-attachment":"scroll","background-type":"","background-media":"","overlay-type":"","overlay-color":"","overlay-opacity":"","overlay-gradient":""}},"ast-content-background-meta":{"desktop":{"background-color":"var(--ast-global-color-5)","background-image":"","background-repeat":"repeat","background-position":"center center","background-size":"auto","background-attachment":"scroll","background-type":"","background-media":"","overlay-type":"","overlay-color":"","overlay-opacity":"","overlay-gradient":""},"tablet":{"background-color":"var(--ast-global-color-5)","background-image":"","background-repeat":"repeat","background-position":"center center","background-size":"auto","background-attachment":"scroll","background-type":"","background-media":"","overlay-type":"","overlay-color":"","overlay-opacity":"","overlay-gradient":""},"mobile":{"background-color":"var(--ast-global-color-5)","background-image":"","background-repeat":"repeat","background-position":"center center","background-size":"auto","background-attachment":"scroll","background-type":"","background-media":"","overlay-type":"","overlay-color":"","overlay-opacity":"","overlay-gradient":""}},"footnotes":""},"class_list":["post-32","page","type-page","status-publish","hentry"],"yoast_head":"<!-- This site is optimized with the Yoast SEO plugin v26.1.1 - https:\/\/yoast.com\/wordpress\/plugins\/seo\/ -->\n<title>Contact - Vignobles Delbeck<\/title>\n<meta name=\"robots\" content=\"index, follow, max-snippet:-1, max-image-preview:large, max-video-preview:-1\" \/>\n<link rel=\"canonical\" href=\"https:\/\/delbeckvignobles.com\/index.php\/contact\/\" \/>\n<meta property=\"og:locale\" content=\"fr_FR\" \/>\n<meta property=\"og:type\" content=\"article\" \/>\n<meta property=\"og:title\" content=\"Contact - Vignobles Delbeck\" \/>\n<meta property=\"og:description\" content=\"Nous trouver Delbeck Vignobles &amp; D\u00e9veloppementsCh\u00e2teau Tour du Pas St Georges 8 route de Messide 33570 Montagne Les horaires d&rsquo;ouverture de notre boutique du lundi au vendredi 9h30-12h00 et 14h00-16h30 Merci de t\u00e9l\u00e9phoner avant de vous d\u00e9placer Nous contacter Tel. +33(0)5 57 24 70 94Email: contact@delbeckvignobles.com\" \/>\n<meta property=\"og:url\" content=\"https:\/\/delbeckvignobles.com\/index.php\/contact\/\" \/>\n<meta property=\"og:site_name\" content=\"Vignobles Delbeck\" \/>\n<meta property=\"article:modified_time\" content=\"2020-05-08T09:59:27+00:00\" \/>\n<meta name=\"twitter:card\" content=\"summary_large_image\" \/>\n<script type=\"application\/ld+json\" class=\"yoast-schema-graph\">{\"@context\":\"https:\/\/schema.org\",\"@graph\":[{\"@type\":\"WebPage\",\"@id\":\"https:\/\/delbeckvignobles.com\/index.php\/contact\/\",\"url\":\"https:\/\/delbeckvignobles.com\/index.php\/contact\/\",\"name\":\"Contact - Vignobles Delbeck\",\"isPartOf\":{\"@id\":\"http:\/\/delbeckvignobles.com\/#website\"},\"datePublished\":\"2020-03-31T17:07:53+00:00\",\"dateModified\":\"2020-05-08T09:59:27+00:00\",\"breadcrumb\":{\"@id\":\"https:\/\/delbeckvignobles.com\/index.php\/contact\/#breadcrumb\"},\"inLanguage\":\"fr-FR\",\"potentialAction\":[{\"@type\":\"ReadAction\",\"target\":[\"https:\/\/delbeckvignobles.com\/index.php\/contact\/\"]}]},{\"@type\":\"BreadcrumbList\",\"@id\":\"https:\/\/delbeckvignobles.com\/index.php\/contact\/#breadcrumb\",\"itemListElement\":[{\"@type\":\"ListItem\",\"position\":1,\"name\":\"Accueil\",\"item\":\"http:\/\/delbeckvignobles.com\/\"},{\"@type\":\"ListItem\",\"position\":2,\"name\":\"Contact\"}]},{\"@type\":\"WebSite\",\"@id\":\"http:\/\/delbeckvignobles.com\/#website\",\"url\":\"http:\/\/delbeckvignobles.com\/\",\"name\":\"Vignobles Delbeck\",\"description\":\"St Georges - St Emilion, Lalande de Pomerol et Bordeaux\",\"publisher\":{\"@id\":\"http:\/\/delbeckvignobles.com\/#organization\"},\"potentialAction\":[{\"@type\":\"SearchAction\",\"target\":{\"@type\":\"EntryPoint\",\"urlTemplate\":\"http:\/\/delbeckvignobles.com\/?s={search_term_string}\"},\"query-input\":{\"@type\":\"PropertyValueSpecification\",\"valueRequired\":true,\"valueName\":\"search_term_string\"}}],\"inLanguage\":\"fr-FR\"},{\"@type\":\"Organization\",\"@id\":\"http:\/\/delbeckvignobles.com\/#organization\",\"name\":\"Vignobles Delbeck\",\"url\":\"http:\/\/delbeckvignobles.com\/\",\"logo\":{\"@type\":\"ImageObject\",\"inLanguage\":\"fr-FR\",\"@id\":\"http:\/\/delbeckvignobles.com\/#\/schema\/logo\/image\/\",\"url\":\"https:\/\/delbeckvignobles.com\/wp-content\/uploads\/2020\/03\/logodvdRouge600x600.png\",\"contentUrl\":\"https:\/\/delbeckvignobles.com\/wp-content\/uploads\/2020\/03\/logodvdRouge600x600.png\",\"width\":600,\"height\":600,\"caption\":\"Vignobles Delbeck\"},\"image\":{\"@id\":\"http:\/\/delbeckvignobles.com\/#\/schema\/logo\/image\/\"}}]}<\/script>\n<!-- \/ Yoast SEO plugin. -->","yoast_head_json":{"title":"Contact - Vignobles Delbeck","robots":{"index":"index","follow":"follow","max-snippet":"max-snippet:-1","max-image-preview":"max-image-preview:large","max-video-preview":"max-video-preview:-1"},"canonical":"https:\/\/delbeckvignobles.com\/index.php\/contact\/","og_locale":"fr_FR","og_type":"article","og_title":"Contact - Vignobles Delbeck","og_description":"Nous trouver Delbeck Vignobles &amp; D\u00e9veloppementsCh\u00e2teau Tour du Pas St Georges 8 route de Messide 33570 Montagne Les horaires d&rsquo;ouverture de notre boutique du lundi au vendredi 9h30-12h00 et 14h00-16h30 Merci de t\u00e9l\u00e9phoner avant de vous d\u00e9placer Nous contacter Tel. +33(0)5 57 24 70 94Email: contact@delbeckvignobles.com","og_url":"https:\/\/delbeckvignobles.com\/index.php\/contact\/","og_site_name":"Vignobles Delbeck","article_modified_time":"2020-05-08T09:59:27+00:00","twitter_card":"summary_large_image","schema":{"@context":"https:\/\/schema.org","@graph":[{"@type":"WebPage","@id":"https:\/\/delbeckvignobles.com\/index.php\/contact\/","url":"https:\/\/delbeckvignobles.com\/index.php\/contact\/","name":"Contact - Vignobles Delbeck","isPartOf":{"@id":"http:\/\/delbeckvignobles.com\/#website"},"datePublished":"2020-03-31T17:07:53+00:00","dateModified":"2020-05-08T09:59:27+00:00","breadcrumb":{"@id":"https:\/\/delbeckvignobles.com\/index.php\/contact\/#breadcrumb"},"inLanguage":"fr-FR","potentialAction":[{"@type":"ReadAction","target":["https:\/\/delbeckvignobles.com\/index.php\/contact\/"]}]},{"@type":"BreadcrumbList","@id":"https:\/\/delbeckvignobles.com\/index.php\/contact\/#breadcrumb","itemListElement":[{"@type":"ListItem","position":1,"name":"Accueil","item":"http:\/\/delbeckvignobles.com\/"},{"@type":"ListItem","position":2,"name":"Contact"}]},{"@type":"WebSite","@id":"http:\/\/delbeckvignobles.com\/#website","url":"http:\/\/delbeckvignobles.com\/","name":"Vignobles Delbeck","description":"St Georges - St Emilion, Lalande de Pomerol et Bordeaux","publisher":{"@id":"http:\/\/delbeckvignobles.com\/#organization"},"potentialAction":[{"@type":"SearchAction","target":{"@type":"EntryPoint","urlTemplate":"http:\/\/delbeckvignobles.com\/?s={search_term_string}"},"query-input":{"@type":"PropertyValueSpecification","valueRequired":true,"valueName":"search_term_string"}}],"inLanguage":"fr-FR"},{"@type":"Organization","@id":"http:\/\/delbeckvignobles.com\/#organization","name":"Vignobles Delbeck","url":"http:\/\/delbeckvignobles.com\/","logo":{"@type":"ImageObject","inLanguage":"fr-FR","@id":"http:\/\/delbeckvignobles.com\/#\/schema\/logo\/image\/","url":"https:\/\/delbeckvignobles.com\/wp-content\/uploads\/2020\/03\/logodvdRouge600x600.png","contentUrl":"https:\/\/delbeckvignobles.com\/wp-content\/uploads\/2020\/03\/logodvdRouge600x600.png","width":600,"height":600,"caption":"Vignobles Delbeck"},"image":{"@id":"http:\/\/delbeckvignobles.com\/#\/schema\/logo\/image\/"}}]}},"jetpack_sharing_enabled":true,"_links":{"self":[{"href":"http:\/\/delbeckvignobles.com\/index.php\/wp-json\/wp\/v2\/pages\/32","targetHints":{"allow":["GET"]}}],"collection":[{"href":"http:\/\/delbeckvignobles.com\/index.php\/wp-json\/wp\/v2\/pages"}],"about":[{"href":"http:\/\/delbeckvignobles.com\/index.php\/wp-json\/wp\/v2\/types\/page"}],"author":[{"embeddable":true,"href":"http:\/\/delbeckvignobles.com\/index.php\/wp-json\/wp\/v2\/users\/1"}],"replies":[{"embeddable":true,"href":"http:\/\/delbeckvignobles.com\/index.php\/wp-json\/wp\/v2\/comments?post=32"}],"version-history":[{"count":10,"href":"http:\/\/delbeckvignobles.com\/index.php\/wp-json\/wp\/v2\/pages\/32\/revisions"}],"predecessor-version":[{"id":428,"href":"http:\/\/delbeckvignobles.com\/index.php\/wp-json\/wp\/v2\/pages\/32\/revisions\/428"}],"wp:attachment":[{"href":"http:\/\/delbeckvignobles.com\/index.php\/wp-json\/wp\/v2\/media?parent=32"}],"curies":[{"name":"wp","href":"https:\/\/api.w.org\/{rel}","templated":true}]}}