{"id":282,"date":"2020-04-23T12:44:48","date_gmt":"2020-04-23T10:44:48","guid":{"rendered":"http:\/\/delbeckvignobles.com\/?page_id=282"},"modified":"2025-07-22T15:37:28","modified_gmt":"2025-07-22T13:37:28","slug":"bordeaux","status":"publish","type":"page","link":"http:\/\/delbeckvignobles.com\/index.php\/bordeaux\/","title":{"rendered":"Bordeaux"},"content":{"rendered":"\t\t<div data-elementor-type=\"wp-page\" data-elementor-id=\"282\" class=\"elementor elementor-282\">\n\t\t\t\t\t\t<section class=\"elementor-section elementor-top-section elementor-element elementor-element-52b9a57 elementor-section-boxed elementor-section-height-default elementor-section-height-default\" data-id=\"52b9a57\" data-element_type=\"section\">\n\t\t\t\t\t\t<div class=\"elementor-container elementor-column-gap-default\">\n\t\t\t\t\t<div class=\"elementor-column elementor-col-100 elementor-top-column elementor-element elementor-element-7127c2f\" data-id=\"7127c2f\" data-element_type=\"column\">\n\t\t\t<div class=\"elementor-widget-wrap elementor-element-populated\">\n\t\t\t\t\t\t<div class=\"elementor-element elementor-element-e08dd58 elementor-widget__width-inherit elementor-widget elementor-widget-image\" data-id=\"e08dd58\" data-element_type=\"widget\" data-widget_type=\"image.default\">\n\t\t\t\t<div class=\"elementor-widget-container\">\n\t\t\t\t\t\t\t\t\t\t\t\t\t\t\t<img fetchpriority=\"high\" decoding=\"async\" width=\"1024\" height=\"317\" src=\"https:\/\/delbeckvignobles.com\/wp-content\/uploads\/2020\/04\/carte-appellations-vierge7BX_2000-1024x317.png\" class=\"attachment-large size-large wp-image-268\" alt=\"\" srcset=\"https:\/\/delbeckvignobles.com\/wp-content\/uploads\/2020\/04\/carte-appellations-vierge7BX_2000-1024x317.png 1024w, https:\/\/delbeckvignobles.com\/wp-content\/uploads\/2020\/04\/carte-appellations-vierge7BX_2000-600x186.png 600w, https:\/\/delbeckvignobles.com\/wp-content\/uploads\/2020\/04\/carte-appellations-vierge7BX_2000-300x93.png 300w, https:\/\/delbeckvignobles.com\/wp-content\/uploads\/2020\/04\/carte-appellations-vierge7BX_2000-768x238.png 768w, https:\/\/delbeckvignobles.com\/wp-content\/uploads\/2020\/04\/carte-appellations-vierge7BX_2000-1536x475.png 1536w, https:\/\/delbeckvignobles.com\/wp-content\/uploads\/2020\/04\/carte-appellations-vierge7BX_2000.png 2000w\" sizes=\"(max-width: 1024px) 100vw, 1024px\" \/>\t\t\t\t\t\t\t\t\t\t\t\t\t\t\t<\/div>\n\t\t\t\t<\/div>\n\t\t\t\t<div class=\"elementor-element elementor-element-c284c92 elementor-drop-cap-yes elementor-drop-cap-view-default elementor-invisible elementor-widget elementor-widget-text-editor\" data-id=\"c284c92\" data-element_type=\"widget\" data-settings=\"{&quot;drop_cap&quot;:&quot;yes&quot;,&quot;_animation&quot;:&quot;slideInLeft&quot;}\" data-widget_type=\"text-editor.default\">\n\t\t\t\t<div class=\"elementor-widget-container\">\n\t\t\t\t\t\t\t\t\t<p>L\u2019appellation Bordeaux couvre l\u2019int\u00e9gralit\u00e9 du vignoble bordelais, une zone g\u00e9ographique tr\u00e8s \u00e9tendue avec une grande diversit\u00e9 de sols et de terroirs. Les c\u00e9pages utilis\u00e9s pour les Bordeaux Rouges et Ros\u00e9s sont le Cabernet Franc, le Cabernet Sauvignon, le Malbec, le Petit Verdot et le Merlot. Les c\u00e9pages utilis\u00e9s pour le Bordeaux Blanc sont, quant-\u00e0 eux, la Muscadelle, le Sauvignon Blanc et le S\u00e9millon.<\/p>\t\t\t\t\t\t\t\t<\/div>\n\t\t\t\t<\/div>\n\t\t\t\t\t<\/div>\n\t\t<\/div>\n\t\t\t\t\t<\/div>\n\t\t<\/section>\n\t\t\t\t<section class=\"elementor-section elementor-top-section elementor-element elementor-element-17b5a669 elementor-section-content-middle elementor-section-boxed elementor-section-height-default elementor-section-height-default\" data-id=\"17b5a669\" data-element_type=\"section\">\n\t\t\t\t\t\t<div class=\"elementor-container elementor-column-gap-no\">\n\t\t\t\t\t<div class=\"elementor-column elementor-col-50 elementor-top-column elementor-element elementor-element-5c8d13db\" data-id=\"5c8d13db\" data-element_type=\"column\">\n\t\t\t<div class=\"elementor-widget-wrap elementor-element-populated\">\n\t\t\t\t\t\t<div class=\"elementor-element elementor-element-cb8a85b elementor-widget elementor-widget-spacer\" data-id=\"cb8a85b\" data-element_type=\"widget\" data-widget_type=\"spacer.default\">\n\t\t\t\t<div class=\"elementor-widget-container\">\n\t\t\t\t\t\t\t<div class=\"elementor-spacer\">\n\t\t\t<div class=\"elementor-spacer-inner\"><\/div>\n\t\t<\/div>\n\t\t\t\t\t\t<\/div>\n\t\t\t\t<\/div>\n\t\t\t\t<div class=\"elementor-element elementor-element-049d63b elementor-widget elementor-widget-image\" data-id=\"049d63b\" data-element_type=\"widget\" data-widget_type=\"image.default\">\n\t\t\t\t<div class=\"elementor-widget-container\">\n\t\t\t\t\t\t\t\t\t\t\t\t\t\t\t<img decoding=\"async\" width=\"228\" height=\"157\" src=\"https:\/\/delbeckvignobles.com\/wp-content\/uploads\/2020\/04\/AOC-BXrectangle1.png\" class=\"attachment-large size-large wp-image-285\" alt=\"\" \/>\t\t\t\t\t\t\t\t\t\t\t\t\t\t\t<\/div>\n\t\t\t\t<\/div>\n\t\t\t\t\t<\/div>\n\t\t<\/div>\n\t\t\t\t<div class=\"elementor-column elementor-col-50 elementor-top-column elementor-element elementor-element-797bb3e2\" data-id=\"797bb3e2\" data-element_type=\"column\">\n\t\t\t<div class=\"elementor-widget-wrap elementor-element-populated\">\n\t\t\t\t\t\t<div class=\"elementor-element elementor-element-64551083 elementor-widget elementor-widget-image\" data-id=\"64551083\" data-element_type=\"widget\" data-widget_type=\"image.default\">\n\t\t\t\t<div class=\"elementor-widget-container\">\n\t\t\t\t\t\t\t\t\t\t\t\t\t\t\t<img decoding=\"async\" width=\"300\" height=\"300\" src=\"https:\/\/delbeckvignobles.com\/wp-content\/uploads\/2020\/04\/213.jpg\" class=\"elementor-animation-grow attachment-full size-full wp-image-289\" alt=\"\" srcset=\"https:\/\/delbeckvignobles.com\/wp-content\/uploads\/2020\/04\/213.jpg 300w, https:\/\/delbeckvignobles.com\/wp-content\/uploads\/2020\/04\/213-100x100.jpg 100w, https:\/\/delbeckvignobles.com\/wp-content\/uploads\/2020\/04\/213-150x150.jpg 150w\" sizes=\"(max-width: 300px) 100vw, 300px\" \/>\t\t\t\t\t\t\t\t\t\t\t\t\t\t\t<\/div>\n\t\t\t\t<\/div>\n\t\t\t\t<div class=\"elementor-element elementor-element-7e26dff elementor-widget elementor-widget-heading\" data-id=\"7e26dff\" data-element_type=\"widget\" data-widget_type=\"heading.default\">\n\t\t\t\t<div class=\"elementor-widget-container\">\n\t\t\t\t\t<h2 class=\"elementor-heading-title elementor-size-default\">Ch\u00e2teau <\/h2>\t\t\t\t<\/div>\n\t\t\t\t<\/div>\n\t\t\t\t<div class=\"elementor-element elementor-element-6372cb2 elementor-widget elementor-widget-heading\" data-id=\"6372cb2\" data-element_type=\"widget\" data-widget_type=\"heading.default\">\n\t\t\t\t<div class=\"elementor-widget-container\">\n\t\t\t\t\t<h2 class=\"elementor-heading-title elementor-size-default\">La Grave de Moustey\n<\/h2>\t\t\t\t<\/div>\n\t\t\t\t<\/div>\n\t\t\t\t<div class=\"elementor-element elementor-element-45d7fcf0 elementor-widget elementor-widget-text-editor\" data-id=\"45d7fcf0\" data-element_type=\"widget\" data-widget_type=\"text-editor.default\">\n\t\t\t\t<div class=\"elementor-widget-container\">\n\t\t\t\t\t\t\t\t\t<p>Les parcelles de notre Bordeaux Rouge se situent sur la commune des Artigues de Lussac&#8230;<\/p>\t\t\t\t\t\t\t\t<\/div>\n\t\t\t\t<\/div>\n\t\t\t\t<div class=\"elementor-element elementor-element-b12181f elementor-align-right elementor-invisible elementor-widget elementor-widget-button\" data-id=\"b12181f\" data-element_type=\"widget\" data-settings=\"{&quot;_animation&quot;:&quot;slideInLeft&quot;}\" data-widget_type=\"button.default\">\n\t\t\t\t<div class=\"elementor-widget-container\">\n\t\t\t\t\t\t\t\t\t<div class=\"elementor-button-wrapper\">\n\t\t\t\t\t<a class=\"elementor-button elementor-button-link elementor-size-xs elementor-animation-grow\" href=\"http:\/\/delbeckvignobles.com\/index.php\/chateau-la-grave-de-moustey\/\">\n\t\t\t\t\t\t<span class=\"elementor-button-content-wrapper\">\n\t\t\t\t\t\t\t\t\t<span class=\"elementor-button-text\">En savoir plus -&gt;<\/span>\n\t\t\t\t\t<\/span>\n\t\t\t\t\t<\/a>\n\t\t\t\t<\/div>\n\t\t\t\t\t\t\t\t<\/div>\n\t\t\t\t<\/div>\n\t\t\t\t\t<\/div>\n\t\t<\/div>\n\t\t\t\t\t<\/div>\n\t\t<\/section>\n\t\t\t\t<\/div>\n\t\t","protected":false},"excerpt":{"rendered":"<p>L\u2019appellation Bordeaux couvre l\u2019int\u00e9gralit\u00e9 du vignoble bordelais, une zone g\u00e9ographique tr\u00e8s \u00e9tendue avec une grande diversit\u00e9 de sols et de terroirs. Les c\u00e9pages utilis\u00e9s pour les Bordeaux Rouges et Ros\u00e9s sont le Cabernet Franc, le Cabernet Sauvignon, le Malbec, le Petit Verdot et le Merlot. Les c\u00e9pages utilis\u00e9s pour le Bordeaux Blanc sont, quant-\u00e0 eux, [&hellip;]<\/p>\n","protected":false},"author":1,"featured_media":0,"parent":0,"menu_order":0,"comment_status":"closed","ping_status":"closed","template":"","meta":{"site-sidebar-layout":"no-sidebar","site-content-layout":"page-builder","ast-site-content-layout":"default","site-content-style":"default","site-sidebar-style":"default","ast-global-header-display":"","ast-banner-title-visibility":"","ast-main-header-display":"","ast-hfb-above-header-display":"","ast-hfb-below-header-display":"","ast-hfb-mobile-header-display":"","site-post-title":"disabled","ast-breadcrumbs-content":"","ast-featured-img":"disabled","footer-sml-layout":"","theme-transparent-header-meta":"default","adv-header-id-meta":"","stick-header-meta":"","header-above-stick-meta":"","header-main-stick-meta":"","header-below-stick-meta":"","astra-migrate-meta-layouts":"default","ast-page-background-enabled":"default","ast-page-background-meta":{"desktop":{"background-color":"var(--ast-global-color-4)","background-image":"","background-repeat":"repeat","background-position":"center center","background-size":"auto","background-attachment":"scroll","background-type":"","background-media":"","overlay-type":"","overlay-color":"","overlay-opacity":"","overlay-gradient":""},"tablet":{"background-color":"","background-image":"","background-repeat":"repeat","background-position":"center center","background-size":"auto","background-attachment":"scroll","background-type":"","background-media":"","overlay-type":"","overlay-color":"","overlay-opacity":"","overlay-gradient":""},"mobile":{"background-color":"","background-image":"","background-repeat":"repeat","background-position":"center center","background-size":"auto","background-attachment":"scroll","background-type":"","background-media":"","overlay-type":"","overlay-color":"","overlay-opacity":"","overlay-gradient":""}},"ast-content-background-meta":{"desktop":{"background-color":"var(--ast-global-color-5)","background-image":"","background-repeat":"repeat","background-position":"center center","background-size":"auto","background-attachment":"scroll","background-type":"","background-media":"","overlay-type":"","overlay-color":"","overlay-opacity":"","overlay-gradient":""},"tablet":{"background-color":"var(--ast-global-color-5)","background-image":"","background-repeat":"repeat","background-position":"center center","background-size":"auto","background-attachment":"scroll","background-type":"","background-media":"","overlay-type":"","overlay-color":"","overlay-opacity":"","overlay-gradient":""},"mobile":{"background-color":"var(--ast-global-color-5)","background-image":"","background-repeat":"repeat","background-position":"center center","background-size":"auto","background-attachment":"scroll","background-type":"","background-media":"","overlay-type":"","overlay-color":"","overlay-opacity":"","overlay-gradient":""}},"footnotes":""},"class_list":["post-282","page","type-page","status-publish","hentry"],"yoast_head":"<!-- This site is optimized with the Yoast SEO plugin v26.1.1 - https:\/\/yoast.com\/wordpress\/plugins\/seo\/ -->\n<title>Bordeaux - Vignobles Delbeck<\/title>\n<meta name=\"robots\" content=\"index, follow, max-snippet:-1, max-image-preview:large, max-video-preview:-1\" \/>\n<link rel=\"canonical\" href=\"https:\/\/delbeckvignobles.com\/index.php\/bordeaux\/\" \/>\n<meta property=\"og:locale\" content=\"fr_FR\" \/>\n<meta property=\"og:type\" content=\"article\" \/>\n<meta property=\"og:title\" content=\"Bordeaux - Vignobles Delbeck\" \/>\n<meta property=\"og:description\" content=\"L\u2019appellation Bordeaux couvre l\u2019int\u00e9gralit\u00e9 du vignoble bordelais, une zone g\u00e9ographique tr\u00e8s \u00e9tendue avec une grande diversit\u00e9 de sols et de terroirs. Les c\u00e9pages utilis\u00e9s pour les Bordeaux Rouges et Ros\u00e9s sont le Cabernet Franc, le Cabernet Sauvignon, le Malbec, le Petit Verdot et le Merlot. Les c\u00e9pages utilis\u00e9s pour le Bordeaux Blanc sont, quant-\u00e0 eux, [&hellip;]\" \/>\n<meta property=\"og:url\" content=\"https:\/\/delbeckvignobles.com\/index.php\/bordeaux\/\" \/>\n<meta property=\"og:site_name\" content=\"Vignobles Delbeck\" \/>\n<meta property=\"article:modified_time\" content=\"2025-07-22T13:37:28+00:00\" \/>\n<meta property=\"og:image\" content=\"http:\/\/delbeckvignobles.com\/wp-content\/uploads\/2020\/04\/carte-appellations-vierge7BX_2000-1024x317.png\" \/>\n<meta name=\"twitter:card\" content=\"summary_large_image\" \/>\n<meta name=\"twitter:label1\" content=\"Dur\u00e9e de lecture estim\u00e9e\" \/>\n\t<meta name=\"twitter:data1\" content=\"2 minutes\" \/>\n<script type=\"application\/ld+json\" class=\"yoast-schema-graph\">{\"@context\":\"https:\/\/schema.org\",\"@graph\":[{\"@type\":\"WebPage\",\"@id\":\"https:\/\/delbeckvignobles.com\/index.php\/bordeaux\/\",\"url\":\"https:\/\/delbeckvignobles.com\/index.php\/bordeaux\/\",\"name\":\"Bordeaux - Vignobles Delbeck\",\"isPartOf\":{\"@id\":\"http:\/\/delbeckvignobles.com\/#website\"},\"primaryImageOfPage\":{\"@id\":\"https:\/\/delbeckvignobles.com\/index.php\/bordeaux\/#primaryimage\"},\"image\":{\"@id\":\"https:\/\/delbeckvignobles.com\/index.php\/bordeaux\/#primaryimage\"},\"thumbnailUrl\":\"http:\/\/delbeckvignobles.com\/wp-content\/uploads\/2020\/04\/carte-appellations-vierge7BX_2000-1024x317.png\",\"datePublished\":\"2020-04-23T10:44:48+00:00\",\"dateModified\":\"2025-07-22T13:37:28+00:00\",\"breadcrumb\":{\"@id\":\"https:\/\/delbeckvignobles.com\/index.php\/bordeaux\/#breadcrumb\"},\"inLanguage\":\"fr-FR\",\"potentialAction\":[{\"@type\":\"ReadAction\",\"target\":[\"https:\/\/delbeckvignobles.com\/index.php\/bordeaux\/\"]}]},{\"@type\":\"ImageObject\",\"inLanguage\":\"fr-FR\",\"@id\":\"https:\/\/delbeckvignobles.com\/index.php\/bordeaux\/#primaryimage\",\"url\":\"http:\/\/delbeckvignobles.com\/wp-content\/uploads\/2020\/04\/carte-appellations-vierge7BX_2000.png\",\"contentUrl\":\"http:\/\/delbeckvignobles.com\/wp-content\/uploads\/2020\/04\/carte-appellations-vierge7BX_2000.png\",\"width\":2000,\"height\":619},{\"@type\":\"BreadcrumbList\",\"@id\":\"https:\/\/delbeckvignobles.com\/index.php\/bordeaux\/#breadcrumb\",\"itemListElement\":[{\"@type\":\"ListItem\",\"position\":1,\"name\":\"Accueil\",\"item\":\"http:\/\/delbeckvignobles.com\/\"},{\"@type\":\"ListItem\",\"position\":2,\"name\":\"Bordeaux\"}]},{\"@type\":\"WebSite\",\"@id\":\"http:\/\/delbeckvignobles.com\/#website\",\"url\":\"http:\/\/delbeckvignobles.com\/\",\"name\":\"Vignobles Delbeck\",\"description\":\"St Georges - St Emilion, Lalande de Pomerol et Bordeaux\",\"publisher\":{\"@id\":\"http:\/\/delbeckvignobles.com\/#organization\"},\"potentialAction\":[{\"@type\":\"SearchAction\",\"target\":{\"@type\":\"EntryPoint\",\"urlTemplate\":\"http:\/\/delbeckvignobles.com\/?s={search_term_string}\"},\"query-input\":{\"@type\":\"PropertyValueSpecification\",\"valueRequired\":true,\"valueName\":\"search_term_string\"}}],\"inLanguage\":\"fr-FR\"},{\"@type\":\"Organization\",\"@id\":\"http:\/\/delbeckvignobles.com\/#organization\",\"name\":\"Vignobles Delbeck\",\"url\":\"http:\/\/delbeckvignobles.com\/\",\"logo\":{\"@type\":\"ImageObject\",\"inLanguage\":\"fr-FR\",\"@id\":\"http:\/\/delbeckvignobles.com\/#\/schema\/logo\/image\/\",\"url\":\"https:\/\/delbeckvignobles.com\/wp-content\/uploads\/2020\/03\/logodvdRouge600x600.png\",\"contentUrl\":\"https:\/\/delbeckvignobles.com\/wp-content\/uploads\/2020\/03\/logodvdRouge600x600.png\",\"width\":600,\"height\":600,\"caption\":\"Vignobles Delbeck\"},\"image\":{\"@id\":\"http:\/\/delbeckvignobles.com\/#\/schema\/logo\/image\/\"}}]}<\/script>\n<!-- \/ Yoast SEO plugin. -->","yoast_head_json":{"title":"Bordeaux - Vignobles Delbeck","robots":{"index":"index","follow":"follow","max-snippet":"max-snippet:-1","max-image-preview":"max-image-preview:large","max-video-preview":"max-video-preview:-1"},"canonical":"https:\/\/delbeckvignobles.com\/index.php\/bordeaux\/","og_locale":"fr_FR","og_type":"article","og_title":"Bordeaux - Vignobles Delbeck","og_description":"L\u2019appellation Bordeaux couvre l\u2019int\u00e9gralit\u00e9 du vignoble bordelais, une zone g\u00e9ographique tr\u00e8s \u00e9tendue avec une grande diversit\u00e9 de sols et de terroirs. Les c\u00e9pages utilis\u00e9s pour les Bordeaux Rouges et Ros\u00e9s sont le Cabernet Franc, le Cabernet Sauvignon, le Malbec, le Petit Verdot et le Merlot. Les c\u00e9pages utilis\u00e9s pour le Bordeaux Blanc sont, quant-\u00e0 eux, [&hellip;]","og_url":"https:\/\/delbeckvignobles.com\/index.php\/bordeaux\/","og_site_name":"Vignobles Delbeck","article_modified_time":"2025-07-22T13:37:28+00:00","og_image":[{"url":"http:\/\/delbeckvignobles.com\/wp-content\/uploads\/2020\/04\/carte-appellations-vierge7BX_2000-1024x317.png","type":"","width":"","height":""}],"twitter_card":"summary_large_image","twitter_misc":{"Dur\u00e9e de lecture estim\u00e9e":"2 minutes"},"schema":{"@context":"https:\/\/schema.org","@graph":[{"@type":"WebPage","@id":"https:\/\/delbeckvignobles.com\/index.php\/bordeaux\/","url":"https:\/\/delbeckvignobles.com\/index.php\/bordeaux\/","name":"Bordeaux - Vignobles Delbeck","isPartOf":{"@id":"http:\/\/delbeckvignobles.com\/#website"},"primaryImageOfPage":{"@id":"https:\/\/delbeckvignobles.com\/index.php\/bordeaux\/#primaryimage"},"image":{"@id":"https:\/\/delbeckvignobles.com\/index.php\/bordeaux\/#primaryimage"},"thumbnailUrl":"http:\/\/delbeckvignobles.com\/wp-content\/uploads\/2020\/04\/carte-appellations-vierge7BX_2000-1024x317.png","datePublished":"2020-04-23T10:44:48+00:00","dateModified":"2025-07-22T13:37:28+00:00","breadcrumb":{"@id":"https:\/\/delbeckvignobles.com\/index.php\/bordeaux\/#breadcrumb"},"inLanguage":"fr-FR","potentialAction":[{"@type":"ReadAction","target":["https:\/\/delbeckvignobles.com\/index.php\/bordeaux\/"]}]},{"@type":"ImageObject","inLanguage":"fr-FR","@id":"https:\/\/delbeckvignobles.com\/index.php\/bordeaux\/#primaryimage","url":"http:\/\/delbeckvignobles.com\/wp-content\/uploads\/2020\/04\/carte-appellations-vierge7BX_2000.png","contentUrl":"http:\/\/delbeckvignobles.com\/wp-content\/uploads\/2020\/04\/carte-appellations-vierge7BX_2000.png","width":2000,"height":619},{"@type":"BreadcrumbList","@id":"https:\/\/delbeckvignobles.com\/index.php\/bordeaux\/#breadcrumb","itemListElement":[{"@type":"ListItem","position":1,"name":"Accueil","item":"http:\/\/delbeckvignobles.com\/"},{"@type":"ListItem","position":2,"name":"Bordeaux"}]},{"@type":"WebSite","@id":"http:\/\/delbeckvignobles.com\/#website","url":"http:\/\/delbeckvignobles.com\/","name":"Vignobles Delbeck","description":"St Georges - St Emilion, Lalande de Pomerol et Bordeaux","publisher":{"@id":"http:\/\/delbeckvignobles.com\/#organization"},"potentialAction":[{"@type":"SearchAction","target":{"@type":"EntryPoint","urlTemplate":"http:\/\/delbeckvignobles.com\/?s={search_term_string}"},"query-input":{"@type":"PropertyValueSpecification","valueRequired":true,"valueName":"search_term_string"}}],"inLanguage":"fr-FR"},{"@type":"Organization","@id":"http:\/\/delbeckvignobles.com\/#organization","name":"Vignobles Delbeck","url":"http:\/\/delbeckvignobles.com\/","logo":{"@type":"ImageObject","inLanguage":"fr-FR","@id":"http:\/\/delbeckvignobles.com\/#\/schema\/logo\/image\/","url":"https:\/\/delbeckvignobles.com\/wp-content\/uploads\/2020\/03\/logodvdRouge600x600.png","contentUrl":"https:\/\/delbeckvignobles.com\/wp-content\/uploads\/2020\/03\/logodvdRouge600x600.png","width":600,"height":600,"caption":"Vignobles Delbeck"},"image":{"@id":"http:\/\/delbeckvignobles.com\/#\/schema\/logo\/image\/"}}]}},"jetpack_sharing_enabled":true,"_links":{"self":[{"href":"http:\/\/delbeckvignobles.com\/index.php\/wp-json\/wp\/v2\/pages\/282","targetHints":{"allow":["GET"]}}],"collection":[{"href":"http:\/\/delbeckvignobles.com\/index.php\/wp-json\/wp\/v2\/pages"}],"about":[{"href":"http:\/\/delbeckvignobles.com\/index.php\/wp-json\/wp\/v2\/types\/page"}],"author":[{"embeddable":true,"href":"http:\/\/delbeckvignobles.com\/index.php\/wp-json\/wp\/v2\/users\/1"}],"replies":[{"embeddable":true,"href":"http:\/\/delbeckvignobles.com\/index.php\/wp-json\/wp\/v2\/comments?post=282"}],"version-history":[{"count":17,"href":"http:\/\/delbeckvignobles.com\/index.php\/wp-json\/wp\/v2\/pages\/282\/revisions"}],"predecessor-version":[{"id":717,"href":"http:\/\/delbeckvignobles.com\/index.php\/wp-json\/wp\/v2\/pages\/282\/revisions\/717"}],"wp:attachment":[{"href":"http:\/\/delbeckvignobles.com\/index.php\/wp-json\/wp\/v2\/media?parent=282"}],"curies":[{"name":"wp","href":"https:\/\/api.w.org\/{rel}","templated":true}]}}