{"id":265,"date":"2020-04-23T10:47:50","date_gmt":"2020-04-23T08:47:50","guid":{"rendered":"http:\/\/delbeckvignobles.com\/?page_id=265"},"modified":"2025-07-22T15:32:17","modified_gmt":"2025-07-22T13:32:17","slug":"lalande-de-pomerol","status":"publish","type":"page","link":"http:\/\/delbeckvignobles.com\/index.php\/lalande-de-pomerol\/","title":{"rendered":"Lalande-de-Pomerol"},"content":{"rendered":"\t\t<div data-elementor-type=\"wp-page\" data-elementor-id=\"265\" class=\"elementor elementor-265\">\n\t\t\t\t\t\t<section class=\"elementor-section elementor-top-section elementor-element elementor-element-52b9a57 elementor-section-boxed elementor-section-height-default elementor-section-height-default\" data-id=\"52b9a57\" data-element_type=\"section\">\n\t\t\t\t\t\t<div class=\"elementor-container elementor-column-gap-default\">\n\t\t\t\t\t<div class=\"elementor-column elementor-col-100 elementor-top-column elementor-element elementor-element-7127c2f\" data-id=\"7127c2f\" data-element_type=\"column\">\n\t\t\t<div class=\"elementor-widget-wrap elementor-element-populated\">\n\t\t\t\t\t\t<div class=\"elementor-element elementor-element-e08dd58 elementor-widget__width-inherit elementor-widget elementor-widget-image\" data-id=\"e08dd58\" data-element_type=\"widget\" data-widget_type=\"image.default\">\n\t\t\t\t<div class=\"elementor-widget-container\">\n\t\t\t\t\t\t\t\t\t\t\t\t\t\t\t<img fetchpriority=\"high\" decoding=\"async\" width=\"1024\" height=\"317\" src=\"http:\/\/delbeckvignobles.com\/wp-content\/uploads\/2020\/04\/carte-appellations-vierge7LDP_2000-1024x317.png\" class=\"attachment-large size-large wp-image-267\" alt=\"\" srcset=\"http:\/\/delbeckvignobles.com\/wp-content\/uploads\/2020\/04\/carte-appellations-vierge7LDP_2000-1024x317.png 1024w, http:\/\/delbeckvignobles.com\/wp-content\/uploads\/2020\/04\/carte-appellations-vierge7LDP_2000-600x186.png 600w, http:\/\/delbeckvignobles.com\/wp-content\/uploads\/2020\/04\/carte-appellations-vierge7LDP_2000-300x93.png 300w, http:\/\/delbeckvignobles.com\/wp-content\/uploads\/2020\/04\/carte-appellations-vierge7LDP_2000-768x238.png 768w, http:\/\/delbeckvignobles.com\/wp-content\/uploads\/2020\/04\/carte-appellations-vierge7LDP_2000-1536x475.png 1536w, http:\/\/delbeckvignobles.com\/wp-content\/uploads\/2020\/04\/carte-appellations-vierge7LDP_2000.png 2000w\" sizes=\"(max-width: 1024px) 100vw, 1024px\" \/>\t\t\t\t\t\t\t\t\t\t\t\t\t\t\t<\/div>\n\t\t\t\t<\/div>\n\t\t\t\t<div class=\"elementor-element elementor-element-c284c92 elementor-drop-cap-yes elementor-drop-cap-view-default elementor-invisible elementor-widget elementor-widget-text-editor\" data-id=\"c284c92\" data-element_type=\"widget\" data-settings=\"{&quot;drop_cap&quot;:&quot;yes&quot;,&quot;_animation&quot;:&quot;slideInLeft&quot;}\" data-widget_type=\"text-editor.default\">\n\t\t\t\t<div class=\"elementor-widget-container\">\n\t\t\t\t\t\t\t\t\t<p>Proche du confluent de l\u2019Isle et de la Dordogne, et prot\u00e9g\u00e9e au sud-ouest par le tertre de Fronsac, Lalande de pomerol re\u00e7oit l\u2019influence de l\u2019oc\u00e9an Atlantique situ\u00e9 \u00e0 moins de 100 km \u00e0 l\u2019ouest. Et b\u00e9n\u00e9ficie ainsi d\u2019un climat ensoleill\u00e9 aux \u00e9t\u00e9s chauds et secs et aux hivers doux et plus humides, tr\u00e8s propice \u00e0 la culture de la vigne. Le terroir de Lalande de Pomerol est tour \u00e0 tour graveleux, argilo-graveleux \u00e0 argileux, argilo-sableux \u00e0 sablo-limoneux, et pos\u00e9 sur un sous-sol d\u2019alluvions anciens riches en oxyde de fer comportant des d\u00e9p\u00f4ts d\u00e9calcifi\u00e9s durci et rougis de quartz, silex et granit.<br \/>Nos vins sont produits \u00e0 partir des trois c\u00e9pages nobles embl\u00e9matiques du Bordelais : le merlot, pr\u00e9coce, qui donne la rondeur et la finesse, avec une large palette aromatique, le cabernet-franc qui apporte sa charpente et un bouquet tr\u00e8s riche, et enfin le cabernet sauvignon, plus tardif, cors\u00e9 et de couleur intense.<\/p>\t\t\t\t\t\t\t\t<\/div>\n\t\t\t\t<\/div>\n\t\t\t\t\t<\/div>\n\t\t<\/div>\n\t\t\t\t\t<\/div>\n\t\t<\/section>\n\t\t\t\t<section class=\"elementor-section elementor-top-section elementor-element elementor-element-17b5a669 elementor-section-content-middle elementor-section-boxed elementor-section-height-default elementor-section-height-default\" data-id=\"17b5a669\" data-element_type=\"section\">\n\t\t\t\t\t\t<div class=\"elementor-container elementor-column-gap-no\">\n\t\t\t\t\t<div class=\"elementor-column elementor-col-33 elementor-top-column elementor-element elementor-element-5c8d13db\" data-id=\"5c8d13db\" data-element_type=\"column\">\n\t\t\t<div class=\"elementor-widget-wrap elementor-element-populated\">\n\t\t\t\t\t\t<div class=\"elementor-element elementor-element-cb8a85b elementor-widget elementor-widget-spacer\" data-id=\"cb8a85b\" data-element_type=\"widget\" data-widget_type=\"spacer.default\">\n\t\t\t\t<div class=\"elementor-widget-container\">\n\t\t\t\t\t\t\t<div class=\"elementor-spacer\">\n\t\t\t<div class=\"elementor-spacer-inner\"><\/div>\n\t\t<\/div>\n\t\t\t\t\t\t<\/div>\n\t\t\t\t<\/div>\n\t\t\t\t<div class=\"elementor-element elementor-element-049d63b elementor-widget elementor-widget-image\" data-id=\"049d63b\" data-element_type=\"widget\" data-widget_type=\"image.default\">\n\t\t\t\t<div class=\"elementor-widget-container\">\n\t\t\t\t\t\t\t\t\t\t\t\t\t\t\t<img decoding=\"async\" width=\"228\" height=\"157\" src=\"http:\/\/delbeckvignobles.com\/wp-content\/uploads\/2020\/04\/AOC-LDPrectangle2.png\" class=\"attachment-large size-large wp-image-277\" alt=\"\" \/>\t\t\t\t\t\t\t\t\t\t\t\t\t\t\t<\/div>\n\t\t\t\t<\/div>\n\t\t\t\t\t<\/div>\n\t\t<\/div>\n\t\t\t\t<div class=\"elementor-column elementor-col-33 elementor-top-column elementor-element elementor-element-797bb3e2\" data-id=\"797bb3e2\" data-element_type=\"column\">\n\t\t\t<div class=\"elementor-widget-wrap elementor-element-populated\">\n\t\t\t\t\t\t<div class=\"elementor-element elementor-element-64551083 elementor-widget elementor-widget-image\" data-id=\"64551083\" data-element_type=\"widget\" data-widget_type=\"image.default\">\n\t\t\t\t<div class=\"elementor-widget-container\">\n\t\t\t\t\t\t\t\t\t\t\t\t\t\t\t<img decoding=\"async\" width=\"800\" height=\"800\" src=\"http:\/\/delbeckvignobles.com\/wp-content\/uploads\/2020\/04\/etiq-ADM2015-800x800-1.jpg\" class=\"elementor-animation-grow attachment-full size-full wp-image-213\" alt=\"\" srcset=\"http:\/\/delbeckvignobles.com\/wp-content\/uploads\/2020\/04\/etiq-ADM2015-800x800-1.jpg 800w, http:\/\/delbeckvignobles.com\/wp-content\/uploads\/2020\/04\/etiq-ADM2015-800x800-1-300x300.jpg 300w, http:\/\/delbeckvignobles.com\/wp-content\/uploads\/2020\/04\/etiq-ADM2015-800x800-1-100x100.jpg 100w, http:\/\/delbeckvignobles.com\/wp-content\/uploads\/2020\/04\/etiq-ADM2015-800x800-1-600x600.jpg 600w, http:\/\/delbeckvignobles.com\/wp-content\/uploads\/2020\/04\/etiq-ADM2015-800x800-1-150x150.jpg 150w, http:\/\/delbeckvignobles.com\/wp-content\/uploads\/2020\/04\/etiq-ADM2015-800x800-1-768x768.jpg 768w\" sizes=\"(max-width: 800px) 100vw, 800px\" \/>\t\t\t\t\t\t\t\t\t\t\t\t\t\t\t<\/div>\n\t\t\t\t<\/div>\n\t\t\t\t<div class=\"elementor-element elementor-element-7e26dff elementor-widget elementor-widget-heading\" data-id=\"7e26dff\" data-element_type=\"widget\" data-widget_type=\"heading.default\">\n\t\t\t\t<div class=\"elementor-widget-container\">\n\t\t\t\t\t<h2 class=\"elementor-heading-title elementor-size-default\">Ch\u00e2teau <\/h2>\t\t\t\t<\/div>\n\t\t\t\t<\/div>\n\t\t\t\t<div class=\"elementor-element elementor-element-6372cb2 elementor-widget elementor-widget-heading\" data-id=\"6372cb2\" data-element_type=\"widget\" data-widget_type=\"heading.default\">\n\t\t\t\t<div class=\"elementor-widget-container\">\n\t\t\t\t\t<h2 class=\"elementor-heading-title elementor-size-default\">\u00c2ME DE MUSSET<\/h2>\t\t\t\t<\/div>\n\t\t\t\t<\/div>\n\t\t\t\t<div class=\"elementor-element elementor-element-45d7fcf0 elementor-widget elementor-widget-text-editor\" data-id=\"45d7fcf0\" data-element_type=\"widget\" data-widget_type=\"text-editor.default\">\n\t\t\t\t<div class=\"elementor-widget-container\">\n\t\t\t\t\t\t\t\t\t<p>Ancienne propri\u00e9t\u00e9 viticole situ\u00e9e au c\u0153ur de appellation, elle est exploit\u00e9e par Pascal Delbeck depuis 2005&#8230;<\/p>\t\t\t\t\t\t\t\t<\/div>\n\t\t\t\t<\/div>\n\t\t\t\t<div class=\"elementor-element elementor-element-b12181f elementor-align-right elementor-invisible elementor-widget elementor-widget-button\" data-id=\"b12181f\" data-element_type=\"widget\" data-settings=\"{&quot;_animation&quot;:&quot;slideInLeft&quot;}\" data-widget_type=\"button.default\">\n\t\t\t\t<div class=\"elementor-widget-container\">\n\t\t\t\t\t\t\t\t\t<div class=\"elementor-button-wrapper\">\n\t\t\t\t\t<a class=\"elementor-button elementor-button-link elementor-size-xs elementor-animation-grow\" href=\"http:\/\/delbeckvignobles.com\/index.php\/chateau-ame-de-musset\/\">\n\t\t\t\t\t\t<span class=\"elementor-button-content-wrapper\">\n\t\t\t\t\t\t\t\t\t<span class=\"elementor-button-text\">En savoir plus -&gt;<\/span>\n\t\t\t\t\t<\/span>\n\t\t\t\t\t<\/a>\n\t\t\t\t<\/div>\n\t\t\t\t\t\t\t\t<\/div>\n\t\t\t\t<\/div>\n\t\t\t\t\t<\/div>\n\t\t<\/div>\n\t\t\t\t<div class=\"elementor-column elementor-col-33 elementor-top-column elementor-element elementor-element-106b548d\" data-id=\"106b548d\" data-element_type=\"column\">\n\t\t\t<div class=\"elementor-widget-wrap elementor-element-populated\">\n\t\t\t\t\t\t<div class=\"elementor-element elementor-element-9587001 elementor-widget elementor-widget-heading\" data-id=\"9587001\" data-element_type=\"widget\" data-widget_type=\"heading.default\">\n\t\t\t\t<div class=\"elementor-widget-container\">\n\t\t\t\t\t<h2 class=\"elementor-heading-title elementor-size-default\">Les Caprices<\/h2>\t\t\t\t<\/div>\n\t\t\t\t<\/div>\n\t\t\t\t<div class=\"elementor-element elementor-element-9b059ba elementor-widget elementor-widget-heading\" data-id=\"9b059ba\" data-element_type=\"widget\" data-widget_type=\"heading.default\">\n\t\t\t\t<div class=\"elementor-widget-container\">\n\t\t\t\t\t<h2 class=\"elementor-heading-title elementor-size-default\">du Ch\u00e2teau Ame de Musset<\/h2>\t\t\t\t<\/div>\n\t\t\t\t<\/div>\n\t\t\t\t<div class=\"elementor-element elementor-element-fdfb981 elementor-widget elementor-widget-text-editor\" data-id=\"fdfb981\" data-element_type=\"widget\" data-widget_type=\"text-editor.default\">\n\t\t\t\t<div class=\"elementor-widget-container\">\n\t\t\t\t\t\t\t\t\t<p>Second vin du Ch\u00e2teau Tour du Ame de Musset provenant essentiellement des vignes jeunes&#8230;<\/p>\t\t\t\t\t\t\t\t<\/div>\n\t\t\t\t<\/div>\n\t\t\t\t<div class=\"elementor-element elementor-element-f372f9b elementor-align-right elementor-invisible elementor-widget elementor-widget-button\" data-id=\"f372f9b\" data-element_type=\"widget\" data-settings=\"{&quot;_animation&quot;:&quot;slideInRight&quot;}\" data-widget_type=\"button.default\">\n\t\t\t\t<div class=\"elementor-widget-container\">\n\t\t\t\t\t\t\t\t\t<div class=\"elementor-button-wrapper\">\n\t\t\t\t\t<a class=\"elementor-button elementor-button-link elementor-size-xs elementor-animation-grow\" href=\"http:\/\/delbeckvignobles.com\/index.php\/les-caprices\/\">\n\t\t\t\t\t\t<span class=\"elementor-button-content-wrapper\">\n\t\t\t\t\t\t\t\t\t<span class=\"elementor-button-text\">En savoir plus -&gt;<\/span>\n\t\t\t\t\t<\/span>\n\t\t\t\t\t<\/a>\n\t\t\t\t<\/div>\n\t\t\t\t\t\t\t\t<\/div>\n\t\t\t\t<\/div>\n\t\t\t\t<div class=\"elementor-element elementor-element-6f670602 elementor-widget elementor-widget-image\" data-id=\"6f670602\" data-element_type=\"widget\" data-widget_type=\"image.default\">\n\t\t\t\t<div class=\"elementor-widget-container\">\n\t\t\t\t\t\t\t\t\t\t\t\t\t\t\t<img loading=\"lazy\" decoding=\"async\" width=\"800\" height=\"800\" src=\"http:\/\/delbeckvignobles.com\/wp-content\/uploads\/2020\/04\/etiq-caprices12-800x800-1.jpg\" class=\"elementor-animation-grow attachment-full size-full wp-image-214\" alt=\"\" srcset=\"http:\/\/delbeckvignobles.com\/wp-content\/uploads\/2020\/04\/etiq-caprices12-800x800-1.jpg 800w, http:\/\/delbeckvignobles.com\/wp-content\/uploads\/2020\/04\/etiq-caprices12-800x800-1-300x300.jpg 300w, http:\/\/delbeckvignobles.com\/wp-content\/uploads\/2020\/04\/etiq-caprices12-800x800-1-100x100.jpg 100w, http:\/\/delbeckvignobles.com\/wp-content\/uploads\/2020\/04\/etiq-caprices12-800x800-1-600x600.jpg 600w, http:\/\/delbeckvignobles.com\/wp-content\/uploads\/2020\/04\/etiq-caprices12-800x800-1-150x150.jpg 150w, http:\/\/delbeckvignobles.com\/wp-content\/uploads\/2020\/04\/etiq-caprices12-800x800-1-768x768.jpg 768w\" sizes=\"(max-width: 800px) 100vw, 800px\" \/>\t\t\t\t\t\t\t\t\t\t\t\t\t\t\t<\/div>\n\t\t\t\t<\/div>\n\t\t\t\t\t<\/div>\n\t\t<\/div>\n\t\t\t\t\t<\/div>\n\t\t<\/section>\n\t\t\t\t<\/div>\n\t\t","protected":false},"excerpt":{"rendered":"<p>Proche du confluent de l\u2019Isle et de la Dordogne, et prot\u00e9g\u00e9e au sud-ouest par le tertre de Fronsac, Lalande de pomerol re\u00e7oit l\u2019influence de l\u2019oc\u00e9an Atlantique situ\u00e9 \u00e0 moins de 100 km \u00e0 l\u2019ouest. Et b\u00e9n\u00e9ficie ainsi d\u2019un climat ensoleill\u00e9 aux \u00e9t\u00e9s chauds et secs et aux hivers doux et plus humides, tr\u00e8s propice \u00e0 [&hellip;]<\/p>\n","protected":false},"author":1,"featured_media":0,"parent":0,"menu_order":0,"comment_status":"closed","ping_status":"closed","template":"","meta":{"site-sidebar-layout":"no-sidebar","site-content-layout":"page-builder","ast-site-content-layout":"default","site-content-style":"default","site-sidebar-style":"default","ast-global-header-display":"","ast-banner-title-visibility":"","ast-main-header-display":"","ast-hfb-above-header-display":"","ast-hfb-below-header-display":"","ast-hfb-mobile-header-display":"","site-post-title":"disabled","ast-breadcrumbs-content":"","ast-featured-img":"disabled","footer-sml-layout":"","theme-transparent-header-meta":"default","adv-header-id-meta":"","stick-header-meta":"","header-above-stick-meta":"","header-main-stick-meta":"","header-below-stick-meta":"","astra-migrate-meta-layouts":"default","ast-page-background-enabled":"default","ast-page-background-meta":{"desktop":{"background-color":"var(--ast-global-color-4)","background-image":"","background-repeat":"repeat","background-position":"center center","background-size":"auto","background-attachment":"scroll","background-type":"","background-media":"","overlay-type":"","overlay-color":"","overlay-opacity":"","overlay-gradient":""},"tablet":{"background-color":"","background-image":"","background-repeat":"repeat","background-position":"center center","background-size":"auto","background-attachment":"scroll","background-type":"","background-media":"","overlay-type":"","overlay-color":"","overlay-opacity":"","overlay-gradient":""},"mobile":{"background-color":"","background-image":"","background-repeat":"repeat","background-position":"center center","background-size":"auto","background-attachment":"scroll","background-type":"","background-media":"","overlay-type":"","overlay-color":"","overlay-opacity":"","overlay-gradient":""}},"ast-content-background-meta":{"desktop":{"background-color":"var(--ast-global-color-5)","background-image":"","background-repeat":"repeat","background-position":"center center","background-size":"auto","background-attachment":"scroll","background-type":"","background-media":"","overlay-type":"","overlay-color":"","overlay-opacity":"","overlay-gradient":""},"tablet":{"background-color":"var(--ast-global-color-5)","background-image":"","background-repeat":"repeat","background-position":"center center","background-size":"auto","background-attachment":"scroll","background-type":"","background-media":"","overlay-type":"","overlay-color":"","overlay-opacity":"","overlay-gradient":""},"mobile":{"background-color":"var(--ast-global-color-5)","background-image":"","background-repeat":"repeat","background-position":"center center","background-size":"auto","background-attachment":"scroll","background-type":"","background-media":"","overlay-type":"","overlay-color":"","overlay-opacity":"","overlay-gradient":""}},"footnotes":""},"class_list":["post-265","page","type-page","status-publish","hentry"],"yoast_head":"<!-- This site is optimized with the Yoast SEO plugin v26.1.1 - https:\/\/yoast.com\/wordpress\/plugins\/seo\/ -->\n<title>Lalande-de-Pomerol - Vignobles Delbeck<\/title>\n<meta name=\"robots\" content=\"index, follow, max-snippet:-1, max-image-preview:large, max-video-preview:-1\" \/>\n<link rel=\"canonical\" href=\"https:\/\/delbeckvignobles.com\/index.php\/lalande-de-pomerol\/\" \/>\n<meta property=\"og:locale\" content=\"fr_FR\" \/>\n<meta property=\"og:type\" content=\"article\" \/>\n<meta property=\"og:title\" content=\"Lalande-de-Pomerol - Vignobles Delbeck\" \/>\n<meta property=\"og:description\" content=\"Proche du confluent de l\u2019Isle et de la Dordogne, et prot\u00e9g\u00e9e au sud-ouest par le tertre de Fronsac, Lalande de pomerol re\u00e7oit l\u2019influence de l\u2019oc\u00e9an Atlantique situ\u00e9 \u00e0 moins de 100 km \u00e0 l\u2019ouest. Et b\u00e9n\u00e9ficie ainsi d\u2019un climat ensoleill\u00e9 aux \u00e9t\u00e9s chauds et secs et aux hivers doux et plus humides, tr\u00e8s propice \u00e0 [&hellip;]\" \/>\n<meta property=\"og:url\" content=\"https:\/\/delbeckvignobles.com\/index.php\/lalande-de-pomerol\/\" \/>\n<meta property=\"og:site_name\" content=\"Vignobles Delbeck\" \/>\n<meta property=\"article:modified_time\" content=\"2025-07-22T13:32:17+00:00\" \/>\n<meta property=\"og:image\" content=\"http:\/\/delbeckvignobles.com\/wp-content\/uploads\/2020\/04\/carte-appellations-vierge7LDP_2000-1024x317.png\" \/>\n<meta name=\"twitter:card\" content=\"summary_large_image\" \/>\n<meta name=\"twitter:label1\" content=\"Dur\u00e9e de lecture estim\u00e9e\" \/>\n\t<meta name=\"twitter:data1\" content=\"2 minutes\" \/>\n<script type=\"application\/ld+json\" class=\"yoast-schema-graph\">{\"@context\":\"https:\/\/schema.org\",\"@graph\":[{\"@type\":\"WebPage\",\"@id\":\"https:\/\/delbeckvignobles.com\/index.php\/lalande-de-pomerol\/\",\"url\":\"https:\/\/delbeckvignobles.com\/index.php\/lalande-de-pomerol\/\",\"name\":\"Lalande-de-Pomerol - Vignobles Delbeck\",\"isPartOf\":{\"@id\":\"https:\/\/delbeckvignobles.com\/#website\"},\"primaryImageOfPage\":{\"@id\":\"https:\/\/delbeckvignobles.com\/index.php\/lalande-de-pomerol\/#primaryimage\"},\"image\":{\"@id\":\"https:\/\/delbeckvignobles.com\/index.php\/lalande-de-pomerol\/#primaryimage\"},\"thumbnailUrl\":\"http:\/\/delbeckvignobles.com\/wp-content\/uploads\/2020\/04\/carte-appellations-vierge7LDP_2000-1024x317.png\",\"datePublished\":\"2020-04-23T08:47:50+00:00\",\"dateModified\":\"2025-07-22T13:32:17+00:00\",\"breadcrumb\":{\"@id\":\"https:\/\/delbeckvignobles.com\/index.php\/lalande-de-pomerol\/#breadcrumb\"},\"inLanguage\":\"fr-FR\",\"potentialAction\":[{\"@type\":\"ReadAction\",\"target\":[\"https:\/\/delbeckvignobles.com\/index.php\/lalande-de-pomerol\/\"]}]},{\"@type\":\"ImageObject\",\"inLanguage\":\"fr-FR\",\"@id\":\"https:\/\/delbeckvignobles.com\/index.php\/lalande-de-pomerol\/#primaryimage\",\"url\":\"http:\/\/delbeckvignobles.com\/wp-content\/uploads\/2020\/04\/carte-appellations-vierge7LDP_2000.png\",\"contentUrl\":\"http:\/\/delbeckvignobles.com\/wp-content\/uploads\/2020\/04\/carte-appellations-vierge7LDP_2000.png\",\"width\":2000,\"height\":619},{\"@type\":\"BreadcrumbList\",\"@id\":\"https:\/\/delbeckvignobles.com\/index.php\/lalande-de-pomerol\/#breadcrumb\",\"itemListElement\":[{\"@type\":\"ListItem\",\"position\":1,\"name\":\"Accueil\",\"item\":\"https:\/\/delbeckvignobles.com\/\"},{\"@type\":\"ListItem\",\"position\":2,\"name\":\"Lalande-de-Pomerol\"}]},{\"@type\":\"WebSite\",\"@id\":\"https:\/\/delbeckvignobles.com\/#website\",\"url\":\"https:\/\/delbeckvignobles.com\/\",\"name\":\"Vignobles Delbeck\",\"description\":\"St Georges - St Emilion, Lalande de Pomerol et Bordeaux\",\"publisher\":{\"@id\":\"https:\/\/delbeckvignobles.com\/#organization\"},\"potentialAction\":[{\"@type\":\"SearchAction\",\"target\":{\"@type\":\"EntryPoint\",\"urlTemplate\":\"https:\/\/delbeckvignobles.com\/?s={search_term_string}\"},\"query-input\":{\"@type\":\"PropertyValueSpecification\",\"valueRequired\":true,\"valueName\":\"search_term_string\"}}],\"inLanguage\":\"fr-FR\"},{\"@type\":\"Organization\",\"@id\":\"https:\/\/delbeckvignobles.com\/#organization\",\"name\":\"Vignobles Delbeck\",\"url\":\"https:\/\/delbeckvignobles.com\/\",\"logo\":{\"@type\":\"ImageObject\",\"inLanguage\":\"fr-FR\",\"@id\":\"https:\/\/delbeckvignobles.com\/#\/schema\/logo\/image\/\",\"url\":\"https:\/\/delbeckvignobles.com\/wp-content\/uploads\/2020\/03\/logodvdRouge600x600.png\",\"contentUrl\":\"https:\/\/delbeckvignobles.com\/wp-content\/uploads\/2020\/03\/logodvdRouge600x600.png\",\"width\":600,\"height\":600,\"caption\":\"Vignobles Delbeck\"},\"image\":{\"@id\":\"https:\/\/delbeckvignobles.com\/#\/schema\/logo\/image\/\"}}]}<\/script>\n<!-- \/ Yoast SEO plugin. -->","yoast_head_json":{"title":"Lalande-de-Pomerol - Vignobles Delbeck","robots":{"index":"index","follow":"follow","max-snippet":"max-snippet:-1","max-image-preview":"max-image-preview:large","max-video-preview":"max-video-preview:-1"},"canonical":"https:\/\/delbeckvignobles.com\/index.php\/lalande-de-pomerol\/","og_locale":"fr_FR","og_type":"article","og_title":"Lalande-de-Pomerol - Vignobles Delbeck","og_description":"Proche du confluent de l\u2019Isle et de la Dordogne, et prot\u00e9g\u00e9e au sud-ouest par le tertre de Fronsac, Lalande de pomerol re\u00e7oit l\u2019influence de l\u2019oc\u00e9an Atlantique situ\u00e9 \u00e0 moins de 100 km \u00e0 l\u2019ouest. Et b\u00e9n\u00e9ficie ainsi d\u2019un climat ensoleill\u00e9 aux \u00e9t\u00e9s chauds et secs et aux hivers doux et plus humides, tr\u00e8s propice \u00e0 [&hellip;]","og_url":"https:\/\/delbeckvignobles.com\/index.php\/lalande-de-pomerol\/","og_site_name":"Vignobles Delbeck","article_modified_time":"2025-07-22T13:32:17+00:00","og_image":[{"url":"http:\/\/delbeckvignobles.com\/wp-content\/uploads\/2020\/04\/carte-appellations-vierge7LDP_2000-1024x317.png","type":"","width":"","height":""}],"twitter_card":"summary_large_image","twitter_misc":{"Dur\u00e9e de lecture estim\u00e9e":"2 minutes"},"schema":{"@context":"https:\/\/schema.org","@graph":[{"@type":"WebPage","@id":"https:\/\/delbeckvignobles.com\/index.php\/lalande-de-pomerol\/","url":"https:\/\/delbeckvignobles.com\/index.php\/lalande-de-pomerol\/","name":"Lalande-de-Pomerol - Vignobles Delbeck","isPartOf":{"@id":"https:\/\/delbeckvignobles.com\/#website"},"primaryImageOfPage":{"@id":"https:\/\/delbeckvignobles.com\/index.php\/lalande-de-pomerol\/#primaryimage"},"image":{"@id":"https:\/\/delbeckvignobles.com\/index.php\/lalande-de-pomerol\/#primaryimage"},"thumbnailUrl":"http:\/\/delbeckvignobles.com\/wp-content\/uploads\/2020\/04\/carte-appellations-vierge7LDP_2000-1024x317.png","datePublished":"2020-04-23T08:47:50+00:00","dateModified":"2025-07-22T13:32:17+00:00","breadcrumb":{"@id":"https:\/\/delbeckvignobles.com\/index.php\/lalande-de-pomerol\/#breadcrumb"},"inLanguage":"fr-FR","potentialAction":[{"@type":"ReadAction","target":["https:\/\/delbeckvignobles.com\/index.php\/lalande-de-pomerol\/"]}]},{"@type":"ImageObject","inLanguage":"fr-FR","@id":"https:\/\/delbeckvignobles.com\/index.php\/lalande-de-pomerol\/#primaryimage","url":"http:\/\/delbeckvignobles.com\/wp-content\/uploads\/2020\/04\/carte-appellations-vierge7LDP_2000.png","contentUrl":"http:\/\/delbeckvignobles.com\/wp-content\/uploads\/2020\/04\/carte-appellations-vierge7LDP_2000.png","width":2000,"height":619},{"@type":"BreadcrumbList","@id":"https:\/\/delbeckvignobles.com\/index.php\/lalande-de-pomerol\/#breadcrumb","itemListElement":[{"@type":"ListItem","position":1,"name":"Accueil","item":"https:\/\/delbeckvignobles.com\/"},{"@type":"ListItem","position":2,"name":"Lalande-de-Pomerol"}]},{"@type":"WebSite","@id":"https:\/\/delbeckvignobles.com\/#website","url":"https:\/\/delbeckvignobles.com\/","name":"Vignobles Delbeck","description":"St Georges - St Emilion, Lalande de Pomerol et Bordeaux","publisher":{"@id":"https:\/\/delbeckvignobles.com\/#organization"},"potentialAction":[{"@type":"SearchAction","target":{"@type":"EntryPoint","urlTemplate":"https:\/\/delbeckvignobles.com\/?s={search_term_string}"},"query-input":{"@type":"PropertyValueSpecification","valueRequired":true,"valueName":"search_term_string"}}],"inLanguage":"fr-FR"},{"@type":"Organization","@id":"https:\/\/delbeckvignobles.com\/#organization","name":"Vignobles Delbeck","url":"https:\/\/delbeckvignobles.com\/","logo":{"@type":"ImageObject","inLanguage":"fr-FR","@id":"https:\/\/delbeckvignobles.com\/#\/schema\/logo\/image\/","url":"https:\/\/delbeckvignobles.com\/wp-content\/uploads\/2020\/03\/logodvdRouge600x600.png","contentUrl":"https:\/\/delbeckvignobles.com\/wp-content\/uploads\/2020\/03\/logodvdRouge600x600.png","width":600,"height":600,"caption":"Vignobles Delbeck"},"image":{"@id":"https:\/\/delbeckvignobles.com\/#\/schema\/logo\/image\/"}}]}},"jetpack_sharing_enabled":true,"_links":{"self":[{"href":"http:\/\/delbeckvignobles.com\/index.php\/wp-json\/wp\/v2\/pages\/265","targetHints":{"allow":["GET"]}}],"collection":[{"href":"http:\/\/delbeckvignobles.com\/index.php\/wp-json\/wp\/v2\/pages"}],"about":[{"href":"http:\/\/delbeckvignobles.com\/index.php\/wp-json\/wp\/v2\/types\/page"}],"author":[{"embeddable":true,"href":"http:\/\/delbeckvignobles.com\/index.php\/wp-json\/wp\/v2\/users\/1"}],"replies":[{"embeddable":true,"href":"http:\/\/delbeckvignobles.com\/index.php\/wp-json\/wp\/v2\/comments?post=265"}],"version-history":[{"count":31,"href":"http:\/\/delbeckvignobles.com\/index.php\/wp-json\/wp\/v2\/pages\/265\/revisions"}],"predecessor-version":[{"id":708,"href":"http:\/\/delbeckvignobles.com\/index.php\/wp-json\/wp\/v2\/pages\/265\/revisions\/708"}],"wp:attachment":[{"href":"http:\/\/delbeckvignobles.com\/index.php\/wp-json\/wp\/v2\/media?parent=265"}],"curies":[{"name":"wp","href":"https:\/\/api.w.org\/{rel}","templated":true}]}}